{"id":303,"date":"2023-08-01T19:52:49","date_gmt":"2023-08-01T19:52:49","guid":{"rendered":"https:\/\/donerkebab.ee\/ueber-uns\/"},"modified":"2023-08-02T18:29:53","modified_gmt":"2023-08-02T18:29:53","slug":"ueber-uns","status":"publish","type":"page","link":"https:\/\/donerkebab.ee\/de\/ueber-uns\/","title":{"rendered":"\u00dcber uns"},"content":{"rendered":"\t\t<div data-elementor-type=\"wp-page\" data-elementor-id=\"303\" class=\"elementor elementor-303 elementor-30\">\n\t\t\t\t\t\t<section class=\"elementor-section elementor-top-section elementor-element elementor-element-a4a75c9 elementor-section-boxed elementor-section-height-default elementor-section-height-default\" data-id=\"a4a75c9\" data-element_type=\"section\">\n\t\t\t\t\t\t<div class=\"elementor-container elementor-column-gap-default\">\n\t\t\t\t\t<div class=\"elementor-column elementor-col-50 elementor-top-column elementor-element elementor-element-95c03d0\" data-id=\"95c03d0\" data-element_type=\"column\">\n\t\t\t<div class=\"elementor-widget-wrap elementor-element-populated\">\n\t\t\t\t\t\t<div class=\"elementor-element elementor-element-072772f elementor-widget elementor-widget-text-editor\" data-id=\"072772f\" data-element_type=\"widget\" data-widget_type=\"text-editor.default\">\n\t\t\t\t<div class=\"elementor-widget-container\">\n\t\t\t\t\t\t\t\t\t<p>Das Ziel unseres Unternehmens besteht darin, den Kunden hochwertiges und schmackhaftes Fleisch und Fleischerzeugnisse anzubieten. Wir haben uns auf tiefgek\u00fchltes Fleisch spezialisiert, das den internationalen Normen entspricht und unsere langzeitigen Erfahrungen im Bereich der Qualit\u00e4t und des Transports von Lebensmittel, sowie die Kenntnisse der Angestellten in modernen Technoligen der Frischerhaltung vom Fleisch machen uns zu zuverl\u00e4ssigen Partnern. Unser Ziel ist es ein zuverl\u00e4ssiger Partner zu sein und in Zusammenarbeit eine gesunde Lebensweise zu f\u00f6rdern. Wir sind ein kleines Unternehmen, das eine individuelle Herangehensweise zu jedem Kunden hat und gute L\u00f6sungen f\u00fcr den Kunden ausgehend von seinen Bed\u00fcrfnissen findet.<\/p><p>Eigene Struktur der Transportlogistik erm\u00f6glicht das Einhalten von Lieferfristen.<\/p>\t\t\t\t\t\t\t\t<\/div>\n\t\t\t\t<\/div>\n\t\t\t\t\t<\/div>\n\t\t<\/div>\n\t\t\t\t<div class=\"elementor-column elementor-col-50 elementor-top-column elementor-element elementor-element-65dfb08\" data-id=\"65dfb08\" data-element_type=\"column\">\n\t\t\t<div class=\"elementor-widget-wrap elementor-element-populated\">\n\t\t\t\t\t\t<div class=\"elementor-element elementor-element-a19794c elementor-widget__width-initial elementor-widget elementor-widget-image\" data-id=\"a19794c\" data-element_type=\"widget\" data-widget_type=\"image.default\">\n\t\t\t\t<div class=\"elementor-widget-container\">\n\t\t\t\t\t\t\t\t\t\t\t\t\t\t\t<img fetchpriority=\"high\" decoding=\"async\" width=\"300\" height=\"266\" src=\"https:\/\/donerkebab.ee\/wp-content\/uploads\/2023\/08\/auto.jpg\" class=\"attachment-large size-large wp-image-261\" alt=\"\" \/>\t\t\t\t\t\t\t\t\t\t\t\t\t\t\t<\/div>\n\t\t\t\t<\/div>\n\t\t\t\t\t<\/div>\n\t\t<\/div>\n\t\t\t\t\t<\/div>\n\t\t<\/section>\n\t\t\t\t<\/div>\n\t\t","protected":false},"excerpt":{"rendered":"<p>Das Ziel unseres Unternehmens besteht darin, den Kunden hochwertiges und schmackhaftes Fleisch und Fleischerzeugnisse anzubieten. Wir haben uns auf tiefgek\u00fchltes Fleisch spezialisiert, das den internationalen Normen entspricht und unsere langzeitigen Erfahrungen im Bereich der Qualit\u00e4t und des Transports von Lebensmittel, sowie die Kenntnisse der Angestellten in modernen Technoligen der Frischerhaltung vom Fleisch machen uns zu [&hellip;]<\/p>\n","protected":false},"author":1,"featured_media":0,"parent":0,"menu_order":0,"comment_status":"closed","ping_status":"closed","template":"","meta":{"footnotes":""},"class_list":["post-303","page","type-page","status-publish","hentry"],"yoast_head":"<!-- This site is optimized with the Yoast SEO plugin v25.4 - https:\/\/yoast.com\/wordpress\/plugins\/seo\/ -->\n<title>\u00dcber uns - Franklin<\/title>\n<meta name=\"robots\" content=\"index, follow, max-snippet:-1, max-image-preview:large, max-video-preview:-1\" \/>\n<link rel=\"canonical\" href=\"https:\/\/donerkebab.ee\/about\/\" \/>\n<meta property=\"og:locale\" content=\"de_DE\" \/>\n<meta property=\"og:type\" content=\"article\" \/>\n<meta property=\"og:title\" content=\"\u00dcber uns - Franklin\" \/>\n<meta property=\"og:description\" content=\"Das Ziel unseres Unternehmens besteht darin, den Kunden hochwertiges und schmackhaftes Fleisch und Fleischerzeugnisse anzubieten. Wir haben uns auf tiefgek\u00fchltes Fleisch spezialisiert, das den internationalen Normen entspricht und unsere langzeitigen Erfahrungen im Bereich der Qualit\u00e4t und des Transports von Lebensmittel, sowie die Kenntnisse der Angestellten in modernen Technoligen der Frischerhaltung vom Fleisch machen uns zu [&hellip;]\" \/>\n<meta property=\"og:url\" content=\"https:\/\/donerkebab.ee\/about\/\" \/>\n<meta property=\"og:site_name\" content=\"Franklin\" \/>\n<meta property=\"article:modified_time\" content=\"2023-08-02T18:29:53+00:00\" \/>\n<meta property=\"og:image\" content=\"https:\/\/donerkebab.ee\/wp-content\/uploads\/2023\/08\/auto.jpg\" \/>\n<meta name=\"twitter:card\" content=\"summary_large_image\" \/>\n<meta name=\"twitter:label1\" content=\"Gesch\u00e4tzte Lesezeit\" \/>\n\t<meta name=\"twitter:data1\" content=\"1\u00a0Minute\" \/>\n<script type=\"application\/ld+json\" class=\"yoast-schema-graph\">{\"@context\":\"https:\/\/schema.org\",\"@graph\":[{\"@type\":\"WebPage\",\"@id\":\"https:\/\/donerkebab.ee\/about\/\",\"url\":\"https:\/\/donerkebab.ee\/about\/\",\"name\":\"\u00dcber uns - Franklin\",\"isPartOf\":{\"@id\":\"https:\/\/donerkebab.ee\/#website\"},\"primaryImageOfPage\":{\"@id\":\"https:\/\/donerkebab.ee\/about\/#primaryimage\"},\"image\":{\"@id\":\"https:\/\/donerkebab.ee\/about\/#primaryimage\"},\"thumbnailUrl\":\"https:\/\/donerkebab.ee\/wp-content\/uploads\/2023\/08\/auto.jpg\",\"datePublished\":\"2023-08-01T19:52:49+00:00\",\"dateModified\":\"2023-08-02T18:29:53+00:00\",\"breadcrumb\":{\"@id\":\"https:\/\/donerkebab.ee\/about\/#breadcrumb\"},\"inLanguage\":\"de\",\"potentialAction\":[{\"@type\":\"ReadAction\",\"target\":[\"https:\/\/donerkebab.ee\/about\/\"]}]},{\"@type\":\"ImageObject\",\"inLanguage\":\"de\",\"@id\":\"https:\/\/donerkebab.ee\/about\/#primaryimage\",\"url\":\"https:\/\/donerkebab.ee\/wp-content\/uploads\/2023\/08\/auto.jpg\",\"contentUrl\":\"https:\/\/donerkebab.ee\/wp-content\/uploads\/2023\/08\/auto.jpg\"},{\"@type\":\"BreadcrumbList\",\"@id\":\"https:\/\/donerkebab.ee\/about\/#breadcrumb\",\"itemListElement\":[{\"@type\":\"ListItem\",\"position\":1,\"name\":\"Home\",\"item\":\"https:\/\/donerkebab.ee\/\"},{\"@type\":\"ListItem\",\"position\":2,\"name\":\"\u00dcber uns\"}]},{\"@type\":\"WebSite\",\"@id\":\"https:\/\/donerkebab.ee\/#website\",\"url\":\"https:\/\/donerkebab.ee\/\",\"name\":\"Franklin\",\"description\":\"\",\"potentialAction\":[{\"@type\":\"SearchAction\",\"target\":{\"@type\":\"EntryPoint\",\"urlTemplate\":\"https:\/\/donerkebab.ee\/?s={search_term_string}\"},\"query-input\":{\"@type\":\"PropertyValueSpecification\",\"valueRequired\":true,\"valueName\":\"search_term_string\"}}],\"inLanguage\":\"de\"}]}<\/script>\n<!-- \/ Yoast SEO plugin. -->","yoast_head_json":{"title":"\u00dcber uns - Franklin","robots":{"index":"index","follow":"follow","max-snippet":"max-snippet:-1","max-image-preview":"max-image-preview:large","max-video-preview":"max-video-preview:-1"},"canonical":"https:\/\/donerkebab.ee\/about\/","og_locale":"de_DE","og_type":"article","og_title":"\u00dcber uns - Franklin","og_description":"Das Ziel unseres Unternehmens besteht darin, den Kunden hochwertiges und schmackhaftes Fleisch und Fleischerzeugnisse anzubieten. Wir haben uns auf tiefgek\u00fchltes Fleisch spezialisiert, das den internationalen Normen entspricht und unsere langzeitigen Erfahrungen im Bereich der Qualit\u00e4t und des Transports von Lebensmittel, sowie die Kenntnisse der Angestellten in modernen Technoligen der Frischerhaltung vom Fleisch machen uns zu [&hellip;]","og_url":"https:\/\/donerkebab.ee\/about\/","og_site_name":"Franklin","article_modified_time":"2023-08-02T18:29:53+00:00","og_image":[{"url":"https:\/\/donerkebab.ee\/wp-content\/uploads\/2023\/08\/auto.jpg","type":"","width":"","height":""}],"twitter_card":"summary_large_image","twitter_misc":{"Gesch\u00e4tzte Lesezeit":"1\u00a0Minute"},"schema":{"@context":"https:\/\/schema.org","@graph":[{"@type":"WebPage","@id":"https:\/\/donerkebab.ee\/about\/","url":"https:\/\/donerkebab.ee\/about\/","name":"\u00dcber uns - Franklin","isPartOf":{"@id":"https:\/\/donerkebab.ee\/#website"},"primaryImageOfPage":{"@id":"https:\/\/donerkebab.ee\/about\/#primaryimage"},"image":{"@id":"https:\/\/donerkebab.ee\/about\/#primaryimage"},"thumbnailUrl":"https:\/\/donerkebab.ee\/wp-content\/uploads\/2023\/08\/auto.jpg","datePublished":"2023-08-01T19:52:49+00:00","dateModified":"2023-08-02T18:29:53+00:00","breadcrumb":{"@id":"https:\/\/donerkebab.ee\/about\/#breadcrumb"},"inLanguage":"de","potentialAction":[{"@type":"ReadAction","target":["https:\/\/donerkebab.ee\/about\/"]}]},{"@type":"ImageObject","inLanguage":"de","@id":"https:\/\/donerkebab.ee\/about\/#primaryimage","url":"https:\/\/donerkebab.ee\/wp-content\/uploads\/2023\/08\/auto.jpg","contentUrl":"https:\/\/donerkebab.ee\/wp-content\/uploads\/2023\/08\/auto.jpg"},{"@type":"BreadcrumbList","@id":"https:\/\/donerkebab.ee\/about\/#breadcrumb","itemListElement":[{"@type":"ListItem","position":1,"name":"Home","item":"https:\/\/donerkebab.ee\/"},{"@type":"ListItem","position":2,"name":"\u00dcber uns"}]},{"@type":"WebSite","@id":"https:\/\/donerkebab.ee\/#website","url":"https:\/\/donerkebab.ee\/","name":"Franklin","description":"","potentialAction":[{"@type":"SearchAction","target":{"@type":"EntryPoint","urlTemplate":"https:\/\/donerkebab.ee\/?s={search_term_string}"},"query-input":{"@type":"PropertyValueSpecification","valueRequired":true,"valueName":"search_term_string"}}],"inLanguage":"de"}]}},"_links":{"self":[{"href":"https:\/\/donerkebab.ee\/de\/wp-json\/wp\/v2\/pages\/303","targetHints":{"allow":["GET"]}}],"collection":[{"href":"https:\/\/donerkebab.ee\/de\/wp-json\/wp\/v2\/pages"}],"about":[{"href":"https:\/\/donerkebab.ee\/de\/wp-json\/wp\/v2\/types\/page"}],"author":[{"embeddable":true,"href":"https:\/\/donerkebab.ee\/de\/wp-json\/wp\/v2\/users\/1"}],"replies":[{"embeddable":true,"href":"https:\/\/donerkebab.ee\/de\/wp-json\/wp\/v2\/comments?post=303"}],"version-history":[{"count":4,"href":"https:\/\/donerkebab.ee\/de\/wp-json\/wp\/v2\/pages\/303\/revisions"}],"predecessor-version":[{"id":307,"href":"https:\/\/donerkebab.ee\/de\/wp-json\/wp\/v2\/pages\/303\/revisions\/307"}],"wp:attachment":[{"href":"https:\/\/donerkebab.ee\/de\/wp-json\/wp\/v2\/media?parent=303"}],"curies":[{"name":"wp","href":"https:\/\/api.w.org\/{rel}","templated":true}]}}