{"id":780,"date":"2023-08-01T19:52:33","date_gmt":"2023-08-01T19:52:33","guid":{"rendered":"https:\/\/donerkebab.ee\/tooted\/"},"modified":"2023-10-09T07:00:48","modified_gmt":"2023-10-09T07:00:48","slug":"tooted","status":"publish","type":"page","link":"https:\/\/donerkebab.ee\/et\/tooted\/","title":{"rendered":"Tooted"},"content":{"rendered":"\t\t<div data-elementor-type=\"wp-page\" data-elementor-id=\"780\" class=\"elementor elementor-780 elementor-24\">\n\t\t\t\t\t\t<section class=\"elementor-section elementor-top-section elementor-element elementor-element-ecaa54a elementor-section-boxed elementor-section-height-default elementor-section-height-default\" data-id=\"ecaa54a\" data-element_type=\"section\">\n\t\t\t\t\t\t<div class=\"elementor-container elementor-column-gap-default\">\n\t\t\t\t\t<div class=\"elementor-column elementor-col-50 elementor-top-column elementor-element elementor-element-9c20d9b elementor-hidden-tablet elementor-hidden-mobile\" data-id=\"9c20d9b\" data-element_type=\"column\">\n\t\t\t<div class=\"elementor-widget-wrap elementor-element-populated\">\n\t\t\t\t\t\t<div class=\"elementor-element elementor-element-30e8ec5 elementor-widget elementor-widget-shortcode\" data-id=\"30e8ec5\" data-element_type=\"widget\" data-widget_type=\"shortcode.default\">\n\t\t\t\t<div class=\"elementor-widget-container\">\n\t\t\t\t\t\t\t<div class=\"elementor-shortcode\">\r\n<div class=\"shortcode-child-pages\">\r\n    <ul>\r\n    <br \/>\n<b>Warning<\/b>:  Attempt to read property \"post_parent\" on null in <b>\/data01\/virt114042\/domeenid\/www.donerkebab.ee\/htdocs\/wp-content\/themes\/bestmeatexpress\/inc\/templates\/shortcode\/child-pages.php<\/b> on line <b>7<\/b><br \/>\n<br \/>\n<b>Warning<\/b>:  Attempt to read property \"ID\" on null in <b>\/data01\/virt114042\/domeenid\/www.donerkebab.ee\/htdocs\/wp-content\/themes\/bestmeatexpress\/inc\/templates\/shortcode\/child-pages.php<\/b> on line <b>7<\/b><br \/>\n<li class=\"page_item page-item-778\"><a href=\"https:\/\/donerkebab.ee\/et\/\">Avaleht<\/a><\/li>\n<li class=\"page_item page-item-1182\"><a href=\"https:\/\/donerkebab.ee\/et\/blogi\/\">Blogi<\/a><\/li>\n<li class=\"page_item page-item-1453\"><a href=\"https:\/\/donerkebab.ee\/et\/kliendid-meist\/\">Kliendid meist<\/a><\/li>\n<li class=\"page_item page-item-794\"><a href=\"https:\/\/donerkebab.ee\/et\/kontakt\/\">Kontakt<\/a><\/li>\n<li class=\"page_item page-item-790\"><a href=\"https:\/\/donerkebab.ee\/et\/meist\/\">Meist<\/a><\/li>\n<li class=\"page_item page-item-788\"><a href=\"https:\/\/donerkebab.ee\/et\/teenused\/\">Teenused<\/a><\/li>\n<li class=\"page_item page-item-780 page_item_has_children\"><a href=\"https:\/\/donerkebab.ee\/et\/tooted\/\">Tooted<\/a>\n<ul class='children'>\n\t<li class=\"page_item page-item-784\"><a href=\"https:\/\/donerkebab.ee\/et\/tooted\/kanaliha\/\">Kanaliha<\/a><\/li>\n\t<li class=\"page_item page-item-786\"><a href=\"https:\/\/donerkebab.ee\/et\/tooted\/kebabimasinad\/\">Kebabimasinad<\/a><\/li>\n\t<li class=\"page_item page-item-782\"><a href=\"https:\/\/donerkebab.ee\/et\/tooted\/loomaliha\/\">Loomaliha<\/a><\/li>\n<\/ul>\n<\/li>\n    <\/ul>\r\n<\/div>\r\n<\/div>\n\t\t\t\t\t\t<\/div>\n\t\t\t\t<\/div>\n\t\t\t\t\t<\/div>\n\t\t<\/div>\n\t\t\t\t<div class=\"elementor-column elementor-col-50 elementor-top-column elementor-element elementor-element-13beb2f\" data-id=\"13beb2f\" data-element_type=\"column\">\n\t\t\t<div class=\"elementor-widget-wrap elementor-element-populated\">\n\t\t\t\t\t\t<div class=\"elementor-element elementor-element-47dccac elementor-widget__width-initial elementor-widget elementor-widget-text-editor\" data-id=\"47dccac\" data-element_type=\"widget\" data-widget_type=\"text-editor.default\">\n\t\t\t\t<div class=\"elementor-widget-container\">\n\t\t\t\t\t\t\t\t\t<p style=\"font-weight: 400;\">Meie valik koosneb peamiselt erinevast <strong>k\u00fclmutatud<\/strong> lihast.<\/p>\n<p style=\"font-weight: 400;\">Lihatoodete hulgim\u00fc\u00fcgi k\u00f5rvale pakume ka kvaliteetset \u00f5ige temperatuuriga (\u201318 \u00b0C kuni \u201320 \u00b0C) toodete <strong>transpordi- ja logistikateenust.<\/strong><\/p>\n<p style=\"font-weight: 400;\">Kui soovite t\u00e4iendavat teavet v\u00f5i hinnapakkumist, v\u00f5tke meiega julgelt \u00fchendust. Vt kontaktandmeid.<\/p>\n\t\t\t\t\t\t\t\t<\/div>\n\t\t\t\t<\/div>\n\t\t\t\t\t<\/div>\n\t\t<\/div>\n\t\t\t\t\t<\/div>\n\t\t<\/section>\n\t\t\t\t<\/div>\n\t\t","protected":false},"excerpt":{"rendered":"<p>Meie valik koosneb peamiselt erinevast k\u00fclmutatud lihast. Lihatoodete hulgim\u00fc\u00fcgi k\u00f5rvale pakume ka kvaliteetset \u00f5ige temperatuuriga (\u201318 \u00b0C kuni \u201320 \u00b0C) toodete transpordi- ja logistikateenust. Kui soovite t\u00e4iendavat teavet v\u00f5i hinnapakkumist, v\u00f5tke meiega julgelt \u00fchendust. Vt kontaktandmeid.<\/p>\n","protected":false},"author":1,"featured_media":0,"parent":0,"menu_order":0,"comment_status":"closed","ping_status":"closed","template":"","meta":{"footnotes":""},"class_list":["post-780","page","type-page","status-publish","hentry"],"yoast_head":"<!-- This site is optimized with the Yoast SEO plugin v25.4 - https:\/\/yoast.com\/wordpress\/plugins\/seo\/ -->\n<title>Tooted - Franklin<\/title>\n<meta name=\"robots\" content=\"index, follow, max-snippet:-1, max-image-preview:large, max-video-preview:-1\" \/>\n<link rel=\"canonical\" href=\"https:\/\/donerkebab.ee\/products\/\" \/>\n<meta property=\"og:locale\" content=\"en_US\" \/>\n<meta property=\"og:type\" content=\"article\" \/>\n<meta property=\"og:title\" content=\"Tooted - Franklin\" \/>\n<meta property=\"og:description\" content=\"Meie valik koosneb peamiselt erinevast k\u00fclmutatud lihast. Lihatoodete hulgim\u00fc\u00fcgi k\u00f5rvale pakume ka kvaliteetset \u00f5ige temperatuuriga (\u201318 \u00b0C kuni \u201320 \u00b0C) toodete transpordi- ja logistikateenust. Kui soovite t\u00e4iendavat teavet v\u00f5i hinnapakkumist, v\u00f5tke meiega julgelt \u00fchendust. Vt kontaktandmeid.\" \/>\n<meta property=\"og:url\" content=\"https:\/\/donerkebab.ee\/products\/\" \/>\n<meta property=\"og:site_name\" content=\"Franklin\" \/>\n<meta property=\"article:modified_time\" content=\"2023-10-09T07:00:48+00:00\" \/>\n<meta name=\"twitter:card\" content=\"summary_large_image\" \/>\n<script type=\"application\/ld+json\" class=\"yoast-schema-graph\">{\"@context\":\"https:\/\/schema.org\",\"@graph\":[{\"@type\":\"WebPage\",\"@id\":\"https:\/\/donerkebab.ee\/products\/\",\"url\":\"https:\/\/donerkebab.ee\/products\/\",\"name\":\"Tooted - Franklin\",\"isPartOf\":{\"@id\":\"https:\/\/donerkebab.ee\/#website\"},\"datePublished\":\"2023-08-01T19:52:33+00:00\",\"dateModified\":\"2023-10-09T07:00:48+00:00\",\"breadcrumb\":{\"@id\":\"https:\/\/donerkebab.ee\/products\/#breadcrumb\"},\"inLanguage\":\"et-ET\",\"potentialAction\":[{\"@type\":\"ReadAction\",\"target\":[\"https:\/\/donerkebab.ee\/products\/\"]}]},{\"@type\":\"BreadcrumbList\",\"@id\":\"https:\/\/donerkebab.ee\/products\/#breadcrumb\",\"itemListElement\":[{\"@type\":\"ListItem\",\"position\":1,\"name\":\"Home\",\"item\":\"https:\/\/donerkebab.ee\/\"},{\"@type\":\"ListItem\",\"position\":2,\"name\":\"Tooted\"}]},{\"@type\":\"WebSite\",\"@id\":\"https:\/\/donerkebab.ee\/#website\",\"url\":\"https:\/\/donerkebab.ee\/\",\"name\":\"Franklin\",\"description\":\"\",\"potentialAction\":[{\"@type\":\"SearchAction\",\"target\":{\"@type\":\"EntryPoint\",\"urlTemplate\":\"https:\/\/donerkebab.ee\/?s={search_term_string}\"},\"query-input\":{\"@type\":\"PropertyValueSpecification\",\"valueRequired\":true,\"valueName\":\"search_term_string\"}}],\"inLanguage\":\"et-ET\"}]}<\/script>\n<!-- \/ Yoast SEO plugin. -->","yoast_head_json":{"title":"Tooted - Franklin","robots":{"index":"index","follow":"follow","max-snippet":"max-snippet:-1","max-image-preview":"max-image-preview:large","max-video-preview":"max-video-preview:-1"},"canonical":"https:\/\/donerkebab.ee\/products\/","og_locale":"en_US","og_type":"article","og_title":"Tooted - Franklin","og_description":"Meie valik koosneb peamiselt erinevast k\u00fclmutatud lihast. Lihatoodete hulgim\u00fc\u00fcgi k\u00f5rvale pakume ka kvaliteetset \u00f5ige temperatuuriga (\u201318 \u00b0C kuni \u201320 \u00b0C) toodete transpordi- ja logistikateenust. Kui soovite t\u00e4iendavat teavet v\u00f5i hinnapakkumist, v\u00f5tke meiega julgelt \u00fchendust. Vt kontaktandmeid.","og_url":"https:\/\/donerkebab.ee\/products\/","og_site_name":"Franklin","article_modified_time":"2023-10-09T07:00:48+00:00","twitter_card":"summary_large_image","schema":{"@context":"https:\/\/schema.org","@graph":[{"@type":"WebPage","@id":"https:\/\/donerkebab.ee\/products\/","url":"https:\/\/donerkebab.ee\/products\/","name":"Tooted - Franklin","isPartOf":{"@id":"https:\/\/donerkebab.ee\/#website"},"datePublished":"2023-08-01T19:52:33+00:00","dateModified":"2023-10-09T07:00:48+00:00","breadcrumb":{"@id":"https:\/\/donerkebab.ee\/products\/#breadcrumb"},"inLanguage":"et-ET","potentialAction":[{"@type":"ReadAction","target":["https:\/\/donerkebab.ee\/products\/"]}]},{"@type":"BreadcrumbList","@id":"https:\/\/donerkebab.ee\/products\/#breadcrumb","itemListElement":[{"@type":"ListItem","position":1,"name":"Home","item":"https:\/\/donerkebab.ee\/"},{"@type":"ListItem","position":2,"name":"Tooted"}]},{"@type":"WebSite","@id":"https:\/\/donerkebab.ee\/#website","url":"https:\/\/donerkebab.ee\/","name":"Franklin","description":"","potentialAction":[{"@type":"SearchAction","target":{"@type":"EntryPoint","urlTemplate":"https:\/\/donerkebab.ee\/?s={search_term_string}"},"query-input":{"@type":"PropertyValueSpecification","valueRequired":true,"valueName":"search_term_string"}}],"inLanguage":"et-ET"}]}},"_links":{"self":[{"href":"https:\/\/donerkebab.ee\/et\/wp-json\/wp\/v2\/pages\/780","targetHints":{"allow":["GET"]}}],"collection":[{"href":"https:\/\/donerkebab.ee\/et\/wp-json\/wp\/v2\/pages"}],"about":[{"href":"https:\/\/donerkebab.ee\/et\/wp-json\/wp\/v2\/types\/page"}],"author":[{"embeddable":true,"href":"https:\/\/donerkebab.ee\/et\/wp-json\/wp\/v2\/users\/1"}],"replies":[{"embeddable":true,"href":"https:\/\/donerkebab.ee\/et\/wp-json\/wp\/v2\/comments?post=780"}],"version-history":[{"count":1,"href":"https:\/\/donerkebab.ee\/et\/wp-json\/wp\/v2\/pages\/780\/revisions"}],"predecessor-version":[{"id":781,"href":"https:\/\/donerkebab.ee\/et\/wp-json\/wp\/v2\/pages\/780\/revisions\/781"}],"wp:attachment":[{"href":"https:\/\/donerkebab.ee\/et\/wp-json\/wp\/v2\/media?parent=780"}],"curies":[{"name":"wp","href":"https:\/\/api.w.org\/{rel}","templated":true}]}}