{"id":788,"date":"2023-08-01T19:52:43","date_gmt":"2023-08-01T19:52:43","guid":{"rendered":"https:\/\/donerkebab.ee\/teenused\/"},"modified":"2023-10-09T07:56:22","modified_gmt":"2023-10-09T07:56:22","slug":"teenused","status":"publish","type":"page","link":"https:\/\/donerkebab.ee\/et\/teenused\/","title":{"rendered":"Teenused"},"content":{"rendered":"\t\t<div data-elementor-type=\"wp-page\" data-elementor-id=\"788\" class=\"elementor elementor-788 elementor-27\">\n\t\t\t\t\t\t<section class=\"elementor-section elementor-top-section elementor-element elementor-element-9541f2c elementor-section-boxed elementor-section-height-default elementor-section-height-default\" data-id=\"9541f2c\" data-element_type=\"section\">\n\t\t\t\t\t\t<div class=\"elementor-container elementor-column-gap-default\">\n\t\t\t\t\t<div class=\"elementor-column elementor-col-100 elementor-top-column elementor-element elementor-element-b18b3f1\" data-id=\"b18b3f1\" data-element_type=\"column\">\n\t\t\t<div class=\"elementor-widget-wrap elementor-element-populated\">\n\t\t\t\t\t\t<div class=\"elementor-element elementor-element-e657522 elementor-widget elementor-widget-text-editor\" data-id=\"e657522\" data-element_type=\"widget\" data-widget_type=\"text-editor.default\">\n\t\t\t\t<div class=\"elementor-widget-container\">\n\t\t\t\t\t\t\t\t\t<p style=\"font-weight: 400;\"><strong>Tarnetingimused<\/strong><\/p>\n<p style=\"font-weight: 400;\">Franklin O\u00dc l\u00e4hetab teie tellimuse 1\u20135 t\u00f6\u00f6p\u00e4eva jooksul p\u00e4rast makse laekumist.<\/p>\n<p style=\"font-weight: 400;\">Enam kui 50-eurost tellimuste korral toimetame kaubad Eesti piires tasuta kohale.<\/p>\n<p style=\"font-weight: 400;\">Kui teie tellimuse summa j\u00e4\u00e4b alla 50 euro, arvutatakse teile toodete kaalu ja mahu ning eelistatud tarnemeetodi alusel automaatselt v\u00e4lja tarnetasu.<\/p>\n<p style=\"font-weight: 400;\">Saate meie veebipoest ostmisel valida mitmete erinevate tarnev\u00f5imaluste vahel. Transporditasu arvutatakse automaatselt teie ostukorvi sisu alusel (st \u00fchele aadressile toimetatavatele kaupadele m\u00e4\u00e4ratakse \u00fcks tasu).<\/p>\n<p style=\"font-weight: 400;\">K\u00f5igile Eestis asuvatele tarneaadressidele toimetab kauba kohale Franklin O\u00dc v\u00f5i transporditeenuste osutaja. Rahvusvahelise tarne osas tuleb O\u00dc-ga Franklin eelnevalt kokku leppida.<\/p>\n<p style=\"font-weight: 400;\"><strong>Tarnev\u00f5imalused<\/strong><\/p>\n<ul>\n<li>Omniva pakiautomaat<br \/>\nOmniva postkontor, tuleb eelnevalt Franklin O\u00dc<br \/>\nkulleriga kokku leppida<\/li>\n<li>Pakiautomaat \u2013 pakiautomaadid on iseteenindusep\u00f5hine variant pakkide k\u00e4ttesaamiseks. Need asuvad peamiselt suurtes ostukeskustes v\u00f5i nende \u00fcmbruses ning nendesse mahuvad maksimaalselt 39 \u00d7 38 \u00d7 64 cm (kaasa arvatud pakend) suurused pakid. Kui teie pakk on kohale j\u00f5udnud, saate isikliku koodiga teksts\u00f5numi. Kui sisestate saadud koodi masinasse, avaneb \u00fcks automaadi ustest ning te saate paki k\u00e4tte. Pakiautomaatide asukohtade vaatamiseks valige vastav tarnemeetod.<\/li>\n<li>Omniva \u2013 teie tellimus toimetatakse l\u00e4himasse postkontorisse. Omniva saadab teile paki saabumise kohta teate. Paki k\u00e4ttesaamiseks peate postkontoris esitama saadud teate.<\/li>\n<li>Kuller \u2013 kui valite tarne kulleriga, toimetatakse teie tellimus otse esitatud aadressile. Meile osutavad kullerteenuseid Omniva ja DPD. Kui kuller on teie tellimuse k\u00e4tte saanud, v\u00f5tab ta teiega saadetise \u00fcleandmise aja kokkuleppimiseks \u00fchendust.<br \/>\nLisatasu eest tuuakse kaubad teile otse tuppa.<\/li>\n<\/ul>\n\t\t\t\t\t\t\t\t<\/div>\n\t\t\t\t<\/div>\n\t\t\t\t\t<\/div>\n\t\t<\/div>\n\t\t\t\t\t<\/div>\n\t\t<\/section>\n\t\t\t\t<\/div>\n\t\t","protected":false},"excerpt":{"rendered":"<p>Tarnetingimused Franklin O\u00dc l\u00e4hetab teie tellimuse 1\u20135 t\u00f6\u00f6p\u00e4eva jooksul p\u00e4rast makse laekumist. Enam kui 50-eurost tellimuste korral toimetame kaubad Eesti piires tasuta kohale. Kui teie tellimuse summa j\u00e4\u00e4b alla 50 euro, arvutatakse teile toodete kaalu ja mahu ning eelistatud tarnemeetodi alusel automaatselt v\u00e4lja tarnetasu. Saate meie veebipoest ostmisel valida mitmete erinevate tarnev\u00f5imaluste vahel. Transporditasu arvutatakse [&hellip;]<\/p>\n","protected":false},"author":1,"featured_media":0,"parent":0,"menu_order":0,"comment_status":"closed","ping_status":"closed","template":"","meta":{"footnotes":""},"class_list":["post-788","page","type-page","status-publish","hentry"],"yoast_head":"<!-- This site is optimized with the Yoast SEO plugin v25.4 - https:\/\/yoast.com\/wordpress\/plugins\/seo\/ -->\n<title>Teenused - Franklin<\/title>\n<meta name=\"robots\" content=\"index, follow, max-snippet:-1, max-image-preview:large, max-video-preview:-1\" \/>\n<link rel=\"canonical\" href=\"https:\/\/donerkebab.ee\/services\/\" \/>\n<meta property=\"og:locale\" content=\"en_US\" \/>\n<meta property=\"og:type\" content=\"article\" \/>\n<meta property=\"og:title\" content=\"Teenused - Franklin\" \/>\n<meta property=\"og:description\" content=\"Tarnetingimused Franklin O\u00dc l\u00e4hetab teie tellimuse 1\u20135 t\u00f6\u00f6p\u00e4eva jooksul p\u00e4rast makse laekumist. Enam kui 50-eurost tellimuste korral toimetame kaubad Eesti piires tasuta kohale. Kui teie tellimuse summa j\u00e4\u00e4b alla 50 euro, arvutatakse teile toodete kaalu ja mahu ning eelistatud tarnemeetodi alusel automaatselt v\u00e4lja tarnetasu. Saate meie veebipoest ostmisel valida mitmete erinevate tarnev\u00f5imaluste vahel. Transporditasu arvutatakse [&hellip;]\" \/>\n<meta property=\"og:url\" content=\"https:\/\/donerkebab.ee\/services\/\" \/>\n<meta property=\"og:site_name\" content=\"Franklin\" \/>\n<meta property=\"article:modified_time\" content=\"2023-10-09T07:56:22+00:00\" \/>\n<meta name=\"twitter:card\" content=\"summary_large_image\" \/>\n<meta name=\"twitter:label1\" content=\"Est. reading time\" \/>\n\t<meta name=\"twitter:data1\" content=\"1 minute\" \/>\n<script type=\"application\/ld+json\" class=\"yoast-schema-graph\">{\"@context\":\"https:\/\/schema.org\",\"@graph\":[{\"@type\":\"WebPage\",\"@id\":\"https:\/\/donerkebab.ee\/services\/\",\"url\":\"https:\/\/donerkebab.ee\/services\/\",\"name\":\"Teenused - Franklin\",\"isPartOf\":{\"@id\":\"https:\/\/donerkebab.ee\/#website\"},\"datePublished\":\"2023-08-01T19:52:43+00:00\",\"dateModified\":\"2023-10-09T07:56:22+00:00\",\"breadcrumb\":{\"@id\":\"https:\/\/donerkebab.ee\/services\/#breadcrumb\"},\"inLanguage\":\"et-ET\",\"potentialAction\":[{\"@type\":\"ReadAction\",\"target\":[\"https:\/\/donerkebab.ee\/services\/\"]}]},{\"@type\":\"BreadcrumbList\",\"@id\":\"https:\/\/donerkebab.ee\/services\/#breadcrumb\",\"itemListElement\":[{\"@type\":\"ListItem\",\"position\":1,\"name\":\"Home\",\"item\":\"https:\/\/donerkebab.ee\/\"},{\"@type\":\"ListItem\",\"position\":2,\"name\":\"Teenused\"}]},{\"@type\":\"WebSite\",\"@id\":\"https:\/\/donerkebab.ee\/#website\",\"url\":\"https:\/\/donerkebab.ee\/\",\"name\":\"Franklin\",\"description\":\"\",\"potentialAction\":[{\"@type\":\"SearchAction\",\"target\":{\"@type\":\"EntryPoint\",\"urlTemplate\":\"https:\/\/donerkebab.ee\/?s={search_term_string}\"},\"query-input\":{\"@type\":\"PropertyValueSpecification\",\"valueRequired\":true,\"valueName\":\"search_term_string\"}}],\"inLanguage\":\"et-ET\"}]}<\/script>\n<!-- \/ Yoast SEO plugin. -->","yoast_head_json":{"title":"Teenused - Franklin","robots":{"index":"index","follow":"follow","max-snippet":"max-snippet:-1","max-image-preview":"max-image-preview:large","max-video-preview":"max-video-preview:-1"},"canonical":"https:\/\/donerkebab.ee\/services\/","og_locale":"en_US","og_type":"article","og_title":"Teenused - Franklin","og_description":"Tarnetingimused Franklin O\u00dc l\u00e4hetab teie tellimuse 1\u20135 t\u00f6\u00f6p\u00e4eva jooksul p\u00e4rast makse laekumist. Enam kui 50-eurost tellimuste korral toimetame kaubad Eesti piires tasuta kohale. Kui teie tellimuse summa j\u00e4\u00e4b alla 50 euro, arvutatakse teile toodete kaalu ja mahu ning eelistatud tarnemeetodi alusel automaatselt v\u00e4lja tarnetasu. Saate meie veebipoest ostmisel valida mitmete erinevate tarnev\u00f5imaluste vahel. Transporditasu arvutatakse [&hellip;]","og_url":"https:\/\/donerkebab.ee\/services\/","og_site_name":"Franklin","article_modified_time":"2023-10-09T07:56:22+00:00","twitter_card":"summary_large_image","twitter_misc":{"Est. reading time":"1 minute"},"schema":{"@context":"https:\/\/schema.org","@graph":[{"@type":"WebPage","@id":"https:\/\/donerkebab.ee\/services\/","url":"https:\/\/donerkebab.ee\/services\/","name":"Teenused - Franklin","isPartOf":{"@id":"https:\/\/donerkebab.ee\/#website"},"datePublished":"2023-08-01T19:52:43+00:00","dateModified":"2023-10-09T07:56:22+00:00","breadcrumb":{"@id":"https:\/\/donerkebab.ee\/services\/#breadcrumb"},"inLanguage":"et-ET","potentialAction":[{"@type":"ReadAction","target":["https:\/\/donerkebab.ee\/services\/"]}]},{"@type":"BreadcrumbList","@id":"https:\/\/donerkebab.ee\/services\/#breadcrumb","itemListElement":[{"@type":"ListItem","position":1,"name":"Home","item":"https:\/\/donerkebab.ee\/"},{"@type":"ListItem","position":2,"name":"Teenused"}]},{"@type":"WebSite","@id":"https:\/\/donerkebab.ee\/#website","url":"https:\/\/donerkebab.ee\/","name":"Franklin","description":"","potentialAction":[{"@type":"SearchAction","target":{"@type":"EntryPoint","urlTemplate":"https:\/\/donerkebab.ee\/?s={search_term_string}"},"query-input":{"@type":"PropertyValueSpecification","valueRequired":true,"valueName":"search_term_string"}}],"inLanguage":"et-ET"}]}},"_links":{"self":[{"href":"https:\/\/donerkebab.ee\/et\/wp-json\/wp\/v2\/pages\/788","targetHints":{"allow":["GET"]}}],"collection":[{"href":"https:\/\/donerkebab.ee\/et\/wp-json\/wp\/v2\/pages"}],"about":[{"href":"https:\/\/donerkebab.ee\/et\/wp-json\/wp\/v2\/types\/page"}],"author":[{"embeddable":true,"href":"https:\/\/donerkebab.ee\/et\/wp-json\/wp\/v2\/users\/1"}],"replies":[{"embeddable":true,"href":"https:\/\/donerkebab.ee\/et\/wp-json\/wp\/v2\/comments?post=788"}],"version-history":[{"count":1,"href":"https:\/\/donerkebab.ee\/et\/wp-json\/wp\/v2\/pages\/788\/revisions"}],"predecessor-version":[{"id":789,"href":"https:\/\/donerkebab.ee\/et\/wp-json\/wp\/v2\/pages\/788\/revisions\/789"}],"wp:attachment":[{"href":"https:\/\/donerkebab.ee\/et\/wp-json\/wp\/v2\/media?parent=788"}],"curies":[{"name":"wp","href":"https:\/\/api.w.org\/{rel}","templated":true}]}}