{"id":790,"date":"2023-08-01T19:52:49","date_gmt":"2023-08-01T19:52:49","guid":{"rendered":"https:\/\/donerkebab.ee\/meist\/"},"modified":"2023-10-09T07:58:01","modified_gmt":"2023-10-09T07:58:01","slug":"meist","status":"publish","type":"page","link":"https:\/\/donerkebab.ee\/et\/meist\/","title":{"rendered":"Meist"},"content":{"rendered":"\t\t<div data-elementor-type=\"wp-page\" data-elementor-id=\"790\" class=\"elementor elementor-790 elementor-30\">\n\t\t\t\t\t\t<section class=\"elementor-section elementor-top-section elementor-element elementor-element-a4a75c9 elementor-section-boxed elementor-section-height-default elementor-section-height-default\" data-id=\"a4a75c9\" data-element_type=\"section\">\n\t\t\t\t\t\t<div class=\"elementor-container elementor-column-gap-default\">\n\t\t\t\t\t<div class=\"elementor-column elementor-col-50 elementor-top-column elementor-element elementor-element-95c03d0\" data-id=\"95c03d0\" data-element_type=\"column\">\n\t\t\t<div class=\"elementor-widget-wrap elementor-element-populated\">\n\t\t\t\t\t\t<div class=\"elementor-element elementor-element-072772f elementor-widget elementor-widget-text-editor\" data-id=\"072772f\" data-element_type=\"widget\" data-widget_type=\"text-editor.default\">\n\t\t\t\t<div class=\"elementor-widget-container\">\n\t\t\t\t\t\t\t\t\t<p style=\"font-weight: 400;\">Meie eesm\u00e4rk on pakkuda klientidele maitsvat ja kvaliteetset liha ning lihatooteid, eelk\u00f5ige keskendume k\u00fclmutatud toodetele.<\/p>\n<p style=\"font-weight: 400;\">Meie tooted vastavad t\u00e4ielikult k\u00f5igile rahvusvahelistele standarditele ning omame pikaajalist kogemust toidu t\u00f6\u00f6tlemise ja transportimise vallas. Meie t\u00f6\u00f6tajatel on p\u00f5hjalikud teadmised tehnoloogiast, mida kasutame liha v\u00e4rskena hoidmiseks. T\u00e4nu sellele oleme k\u00f5ikidele klientidele usaldusv\u00e4\u00e4rne partner. P\u00fc\u00fcame rahuldada oma klientide vajadused ning koos tervislikku elustiili edendada. V\u00e4ikeettev\u00f5ttena saame kliendile individuaalselt l\u00e4heneda ning klientide vajadustest l\u00e4htuvalt leida lahendusi.<\/p>\n<p style=\"font-weight: 400;\">Meie personaalne logistikas\u00fcsteem tagab lepingulistest t\u00e4htaegadest kinnipidamise.<\/p>\n\t\t\t\t\t\t\t\t<\/div>\n\t\t\t\t<\/div>\n\t\t\t\t\t<\/div>\n\t\t<\/div>\n\t\t\t\t<div class=\"elementor-column elementor-col-50 elementor-top-column elementor-element elementor-element-65dfb08\" data-id=\"65dfb08\" data-element_type=\"column\">\n\t\t\t<div class=\"elementor-widget-wrap elementor-element-populated\">\n\t\t\t\t\t\t<div class=\"elementor-element elementor-element-a19794c elementor-widget__width-initial elementor-widget elementor-widget-image\" data-id=\"a19794c\" data-element_type=\"widget\" data-widget_type=\"image.default\">\n\t\t\t\t<div class=\"elementor-widget-container\">\n\t\t\t\t\t\t\t\t\t\t\t\t\t\t\t<img fetchpriority=\"high\" decoding=\"async\" width=\"300\" height=\"266\" src=\"https:\/\/donerkebab.ee\/wp-content\/uploads\/2023\/08\/auto.jpg\" class=\"attachment-large size-large wp-image-261\" alt=\"\" \/>\t\t\t\t\t\t\t\t\t\t\t\t\t\t\t<\/div>\n\t\t\t\t<\/div>\n\t\t\t\t\t<\/div>\n\t\t<\/div>\n\t\t\t\t\t<\/div>\n\t\t<\/section>\n\t\t\t\t<\/div>\n\t\t","protected":false},"excerpt":{"rendered":"<p>Meie eesm\u00e4rk on pakkuda klientidele maitsvat ja kvaliteetset liha ning lihatooteid, eelk\u00f5ige keskendume k\u00fclmutatud toodetele. Meie tooted vastavad t\u00e4ielikult k\u00f5igile rahvusvahelistele standarditele ning omame pikaajalist kogemust toidu t\u00f6\u00f6tlemise ja transportimise vallas. Meie t\u00f6\u00f6tajatel on p\u00f5hjalikud teadmised tehnoloogiast, mida kasutame liha v\u00e4rskena hoidmiseks. T\u00e4nu sellele oleme k\u00f5ikidele klientidele usaldusv\u00e4\u00e4rne partner. P\u00fc\u00fcame rahuldada oma klientide vajadused ning [&hellip;]<\/p>\n","protected":false},"author":1,"featured_media":0,"parent":0,"menu_order":0,"comment_status":"closed","ping_status":"closed","template":"","meta":{"footnotes":""},"class_list":["post-790","page","type-page","status-publish","hentry"],"yoast_head":"<!-- This site is optimized with the Yoast SEO plugin v25.4 - https:\/\/yoast.com\/wordpress\/plugins\/seo\/ -->\n<title>Meist - Franklin<\/title>\n<meta name=\"robots\" content=\"index, follow, max-snippet:-1, max-image-preview:large, max-video-preview:-1\" \/>\n<link rel=\"canonical\" href=\"https:\/\/donerkebab.ee\/et\/meist\/\" \/>\n<meta property=\"og:locale\" content=\"en_US\" \/>\n<meta property=\"og:type\" content=\"article\" \/>\n<meta property=\"og:title\" content=\"Meist - Franklin\" \/>\n<meta property=\"og:description\" content=\"Meie eesm\u00e4rk on pakkuda klientidele maitsvat ja kvaliteetset liha ning lihatooteid, eelk\u00f5ige keskendume k\u00fclmutatud toodetele. Meie tooted vastavad t\u00e4ielikult k\u00f5igile rahvusvahelistele standarditele ning omame pikaajalist kogemust toidu t\u00f6\u00f6tlemise ja transportimise vallas. Meie t\u00f6\u00f6tajatel on p\u00f5hjalikud teadmised tehnoloogiast, mida kasutame liha v\u00e4rskena hoidmiseks. T\u00e4nu sellele oleme k\u00f5ikidele klientidele usaldusv\u00e4\u00e4rne partner. P\u00fc\u00fcame rahuldada oma klientide vajadused ning [&hellip;]\" \/>\n<meta property=\"og:url\" content=\"https:\/\/donerkebab.ee\/et\/meist\/\" \/>\n<meta property=\"og:site_name\" content=\"Franklin\" \/>\n<meta property=\"article:modified_time\" content=\"2023-10-09T07:58:01+00:00\" \/>\n<meta property=\"og:image\" content=\"https:\/\/donerkebab.ee\/wp-content\/uploads\/2023\/08\/auto.jpg\" \/>\n<meta name=\"twitter:card\" content=\"summary_large_image\" \/>\n<script type=\"application\/ld+json\" class=\"yoast-schema-graph\">{\"@context\":\"https:\/\/schema.org\",\"@graph\":[{\"@type\":\"WebPage\",\"@id\":\"https:\/\/donerkebab.ee\/et\/meist\/\",\"url\":\"https:\/\/donerkebab.ee\/et\/meist\/\",\"name\":\"Meist - Franklin\",\"isPartOf\":{\"@id\":\"https:\/\/donerkebab.ee\/#website\"},\"primaryImageOfPage\":{\"@id\":\"https:\/\/donerkebab.ee\/et\/meist\/#primaryimage\"},\"image\":{\"@id\":\"https:\/\/donerkebab.ee\/et\/meist\/#primaryimage\"},\"thumbnailUrl\":\"https:\/\/donerkebab.ee\/wp-content\/uploads\/2023\/08\/auto.jpg\",\"datePublished\":\"2023-08-01T19:52:49+00:00\",\"dateModified\":\"2023-10-09T07:58:01+00:00\",\"breadcrumb\":{\"@id\":\"https:\/\/donerkebab.ee\/et\/meist\/#breadcrumb\"},\"inLanguage\":\"et-ET\",\"potentialAction\":[{\"@type\":\"ReadAction\",\"target\":[\"https:\/\/donerkebab.ee\/et\/meist\/\"]}]},{\"@type\":\"ImageObject\",\"inLanguage\":\"et-ET\",\"@id\":\"https:\/\/donerkebab.ee\/et\/meist\/#primaryimage\",\"url\":\"https:\/\/donerkebab.ee\/wp-content\/uploads\/2023\/08\/auto.jpg\",\"contentUrl\":\"https:\/\/donerkebab.ee\/wp-content\/uploads\/2023\/08\/auto.jpg\"},{\"@type\":\"BreadcrumbList\",\"@id\":\"https:\/\/donerkebab.ee\/et\/meist\/#breadcrumb\",\"itemListElement\":[{\"@type\":\"ListItem\",\"position\":1,\"name\":\"Home\",\"item\":\"https:\/\/donerkebab.ee\/\"},{\"@type\":\"ListItem\",\"position\":2,\"name\":\"Meist\"}]},{\"@type\":\"WebSite\",\"@id\":\"https:\/\/donerkebab.ee\/#website\",\"url\":\"https:\/\/donerkebab.ee\/\",\"name\":\"Franklin\",\"description\":\"\",\"potentialAction\":[{\"@type\":\"SearchAction\",\"target\":{\"@type\":\"EntryPoint\",\"urlTemplate\":\"https:\/\/donerkebab.ee\/?s={search_term_string}\"},\"query-input\":{\"@type\":\"PropertyValueSpecification\",\"valueRequired\":true,\"valueName\":\"search_term_string\"}}],\"inLanguage\":\"et-ET\"}]}<\/script>\n<!-- \/ Yoast SEO plugin. -->","yoast_head_json":{"title":"Meist - Franklin","robots":{"index":"index","follow":"follow","max-snippet":"max-snippet:-1","max-image-preview":"max-image-preview:large","max-video-preview":"max-video-preview:-1"},"canonical":"https:\/\/donerkebab.ee\/et\/meist\/","og_locale":"en_US","og_type":"article","og_title":"Meist - Franklin","og_description":"Meie eesm\u00e4rk on pakkuda klientidele maitsvat ja kvaliteetset liha ning lihatooteid, eelk\u00f5ige keskendume k\u00fclmutatud toodetele. Meie tooted vastavad t\u00e4ielikult k\u00f5igile rahvusvahelistele standarditele ning omame pikaajalist kogemust toidu t\u00f6\u00f6tlemise ja transportimise vallas. Meie t\u00f6\u00f6tajatel on p\u00f5hjalikud teadmised tehnoloogiast, mida kasutame liha v\u00e4rskena hoidmiseks. T\u00e4nu sellele oleme k\u00f5ikidele klientidele usaldusv\u00e4\u00e4rne partner. P\u00fc\u00fcame rahuldada oma klientide vajadused ning [&hellip;]","og_url":"https:\/\/donerkebab.ee\/et\/meist\/","og_site_name":"Franklin","article_modified_time":"2023-10-09T07:58:01+00:00","og_image":[{"url":"https:\/\/donerkebab.ee\/wp-content\/uploads\/2023\/08\/auto.jpg","type":"","width":"","height":""}],"twitter_card":"summary_large_image","schema":{"@context":"https:\/\/schema.org","@graph":[{"@type":"WebPage","@id":"https:\/\/donerkebab.ee\/et\/meist\/","url":"https:\/\/donerkebab.ee\/et\/meist\/","name":"Meist - Franklin","isPartOf":{"@id":"https:\/\/donerkebab.ee\/#website"},"primaryImageOfPage":{"@id":"https:\/\/donerkebab.ee\/et\/meist\/#primaryimage"},"image":{"@id":"https:\/\/donerkebab.ee\/et\/meist\/#primaryimage"},"thumbnailUrl":"https:\/\/donerkebab.ee\/wp-content\/uploads\/2023\/08\/auto.jpg","datePublished":"2023-08-01T19:52:49+00:00","dateModified":"2023-10-09T07:58:01+00:00","breadcrumb":{"@id":"https:\/\/donerkebab.ee\/et\/meist\/#breadcrumb"},"inLanguage":"et-ET","potentialAction":[{"@type":"ReadAction","target":["https:\/\/donerkebab.ee\/et\/meist\/"]}]},{"@type":"ImageObject","inLanguage":"et-ET","@id":"https:\/\/donerkebab.ee\/et\/meist\/#primaryimage","url":"https:\/\/donerkebab.ee\/wp-content\/uploads\/2023\/08\/auto.jpg","contentUrl":"https:\/\/donerkebab.ee\/wp-content\/uploads\/2023\/08\/auto.jpg"},{"@type":"BreadcrumbList","@id":"https:\/\/donerkebab.ee\/et\/meist\/#breadcrumb","itemListElement":[{"@type":"ListItem","position":1,"name":"Home","item":"https:\/\/donerkebab.ee\/"},{"@type":"ListItem","position":2,"name":"Meist"}]},{"@type":"WebSite","@id":"https:\/\/donerkebab.ee\/#website","url":"https:\/\/donerkebab.ee\/","name":"Franklin","description":"","potentialAction":[{"@type":"SearchAction","target":{"@type":"EntryPoint","urlTemplate":"https:\/\/donerkebab.ee\/?s={search_term_string}"},"query-input":{"@type":"PropertyValueSpecification","valueRequired":true,"valueName":"search_term_string"}}],"inLanguage":"et-ET"}]}},"_links":{"self":[{"href":"https:\/\/donerkebab.ee\/et\/wp-json\/wp\/v2\/pages\/790","targetHints":{"allow":["GET"]}}],"collection":[{"href":"https:\/\/donerkebab.ee\/et\/wp-json\/wp\/v2\/pages"}],"about":[{"href":"https:\/\/donerkebab.ee\/et\/wp-json\/wp\/v2\/types\/page"}],"author":[{"embeddable":true,"href":"https:\/\/donerkebab.ee\/et\/wp-json\/wp\/v2\/users\/1"}],"replies":[{"embeddable":true,"href":"https:\/\/donerkebab.ee\/et\/wp-json\/wp\/v2\/comments?post=790"}],"version-history":[{"count":1,"href":"https:\/\/donerkebab.ee\/et\/wp-json\/wp\/v2\/pages\/790\/revisions"}],"predecessor-version":[{"id":791,"href":"https:\/\/donerkebab.ee\/et\/wp-json\/wp\/v2\/pages\/790\/revisions\/791"}],"wp:attachment":[{"href":"https:\/\/donerkebab.ee\/et\/wp-json\/wp\/v2\/media?parent=790"}],"curies":[{"name":"wp","href":"https:\/\/api.w.org\/{rel}","templated":true}]}}