{"id":863,"date":"2023-08-01T19:52:33","date_gmt":"2023-08-01T19:52:33","guid":{"rendered":"https:\/\/donerkebab.ee\/tuotteet\/"},"modified":"2023-10-09T08:34:43","modified_gmt":"2023-10-09T08:34:43","slug":"tuotteet","status":"publish","type":"page","link":"https:\/\/donerkebab.ee\/fi\/tuotteet\/","title":{"rendered":"TUOTTEET"},"content":{"rendered":"\t\t<div data-elementor-type=\"wp-page\" data-elementor-id=\"863\" class=\"elementor elementor-863 elementor-24\">\n\t\t\t\t\t\t<section class=\"elementor-section elementor-top-section elementor-element elementor-element-ecaa54a elementor-section-boxed elementor-section-height-default elementor-section-height-default\" data-id=\"ecaa54a\" data-element_type=\"section\">\n\t\t\t\t\t\t<div class=\"elementor-container elementor-column-gap-default\">\n\t\t\t\t\t<div class=\"elementor-column elementor-col-50 elementor-top-column elementor-element elementor-element-9c20d9b elementor-hidden-tablet elementor-hidden-mobile\" data-id=\"9c20d9b\" data-element_type=\"column\">\n\t\t\t<div class=\"elementor-widget-wrap elementor-element-populated\">\n\t\t\t\t\t\t<div class=\"elementor-element elementor-element-30e8ec5 elementor-widget elementor-widget-shortcode\" data-id=\"30e8ec5\" data-element_type=\"widget\" data-widget_type=\"shortcode.default\">\n\t\t\t\t<div class=\"elementor-widget-container\">\n\t\t\t\t\t\t\t<div class=\"elementor-shortcode\">\r\n<div class=\"shortcode-child-pages\">\r\n    <ul>\r\n    <br \/>\n<b>Warning<\/b>:  Attempt to read property \"post_parent\" on null in <b>\/data01\/virt114042\/domeenid\/www.donerkebab.ee\/htdocs\/wp-content\/themes\/bestmeatexpress\/inc\/templates\/shortcode\/child-pages.php<\/b> on line <b>7<\/b><br \/>\n<br \/>\n<b>Warning<\/b>:  Attempt to read property \"ID\" on null in <b>\/data01\/virt114042\/domeenid\/www.donerkebab.ee\/htdocs\/wp-content\/themes\/bestmeatexpress\/inc\/templates\/shortcode\/child-pages.php<\/b> on line <b>7<\/b><br \/>\n<li class=\"page_item page-item-1184\"><a href=\"https:\/\/donerkebab.ee\/fi\/blogi\/\">Blogi<\/a><\/li>\n<li class=\"page_item page-item-861\"><a href=\"https:\/\/donerkebab.ee\/fi\/\">Etusivu<\/a><\/li>\n<li class=\"page_item page-item-871\"><a href=\"https:\/\/donerkebab.ee\/fi\/palvelut\/\">PALVELUT<\/a><\/li>\n<li class=\"page_item page-item-863 page_item_has_children\"><a href=\"https:\/\/donerkebab.ee\/fi\/tuotteet\/\">TUOTTEET<\/a>\n<ul class='children'>\n\t<li class=\"page_item page-item-867\"><a href=\"https:\/\/donerkebab.ee\/fi\/tuotteet\/kana\/\">Kana<\/a><\/li>\n\t<li class=\"page_item page-item-869\"><a href=\"https:\/\/donerkebab.ee\/fi\/tuotteet\/koneet\/\">KONEET<\/a><\/li>\n\t<li class=\"page_item page-item-865\"><a href=\"https:\/\/donerkebab.ee\/fi\/tuotteet\/naudanliha\/\">Naudanliha<\/a><\/li>\n<\/ul>\n<\/li>\n<li class=\"page_item page-item-875\"><a href=\"https:\/\/donerkebab.ee\/fi\/yhteystiedot\/\">YHTEYSTIEDOT<\/a><\/li>\n<li class=\"page_item page-item-873\"><a href=\"https:\/\/donerkebab.ee\/fi\/yrityksesta\/\">YRITYKSEST\u00c4<\/a><\/li>\n    <\/ul>\r\n<\/div>\r\n<\/div>\n\t\t\t\t\t\t<\/div>\n\t\t\t\t<\/div>\n\t\t\t\t\t<\/div>\n\t\t<\/div>\n\t\t\t\t<div class=\"elementor-column elementor-col-50 elementor-top-column elementor-element elementor-element-13beb2f\" data-id=\"13beb2f\" data-element_type=\"column\">\n\t\t\t<div class=\"elementor-widget-wrap elementor-element-populated\">\n\t\t\t\t\t\t<div class=\"elementor-element elementor-element-47dccac elementor-widget__width-initial elementor-widget elementor-widget-text-editor\" data-id=\"47dccac\" data-element_type=\"widget\" data-widget_type=\"text-editor.default\">\n\t\t\t\t<div class=\"elementor-widget-container\">\n\t\t\t\t\t\t\t\t\t<p style=\"font-weight: 400;\">Valikoimamme koostuu p\u00e4\u00e4asiassa erilaisista pakastelihoista.<\/p>\n<p style=\"font-weight: 400;\">Lihatuotteiden tukkumyynnin ohella tarjoamme my\u00f6s laadukasta erityisl\u00e4mp\u00f6tilaa vaativien <strong>(\u201318&#8230; \u201320 \u00b0C) tuotteiden kuljetus- ja logistiikkapalvelua.<\/strong><\/p>\n<p style=\"font-weight: 400;\">Jos haluat lis\u00e4tietoa tai hintatarjouksen, ole hyv\u00e4 ja ota meihin rohkeasti yhteytt\u00e4. Ks. yhteystiedot.<\/p>\n\t\t\t\t\t\t\t\t<\/div>\n\t\t\t\t<\/div>\n\t\t\t\t\t<\/div>\n\t\t<\/div>\n\t\t\t\t\t<\/div>\n\t\t<\/section>\n\t\t\t\t<\/div>\n\t\t","protected":false},"excerpt":{"rendered":"<p>Valikoimamme koostuu p\u00e4\u00e4asiassa erilaisista pakastelihoista. Lihatuotteiden tukkumyynnin ohella tarjoamme my\u00f6s laadukasta erityisl\u00e4mp\u00f6tilaa vaativien (\u201318&#8230; \u201320 \u00b0C) tuotteiden kuljetus- ja logistiikkapalvelua. Jos haluat lis\u00e4tietoa tai hintatarjouksen, ole hyv\u00e4 ja ota meihin rohkeasti yhteytt\u00e4. Ks. yhteystiedot.<\/p>\n","protected":false},"author":1,"featured_media":0,"parent":0,"menu_order":0,"comment_status":"closed","ping_status":"closed","template":"","meta":{"footnotes":""},"class_list":["post-863","page","type-page","status-publish","hentry"],"yoast_head":"<!-- This site is optimized with the Yoast SEO plugin v25.4 - https:\/\/yoast.com\/wordpress\/plugins\/seo\/ -->\n<title>TUOTTEET - Franklin<\/title>\n<meta name=\"robots\" content=\"index, follow, max-snippet:-1, max-image-preview:large, max-video-preview:-1\" \/>\n<link rel=\"canonical\" href=\"https:\/\/donerkebab.ee\/products\/\" \/>\n<meta property=\"og:locale\" content=\"fi_FI\" \/>\n<meta property=\"og:type\" content=\"article\" \/>\n<meta property=\"og:title\" content=\"TUOTTEET - Franklin\" \/>\n<meta property=\"og:description\" content=\"Valikoimamme koostuu p\u00e4\u00e4asiassa erilaisista pakastelihoista. Lihatuotteiden tukkumyynnin ohella tarjoamme my\u00f6s laadukasta erityisl\u00e4mp\u00f6tilaa vaativien (\u201318&#8230; \u201320 \u00b0C) tuotteiden kuljetus- ja logistiikkapalvelua. Jos haluat lis\u00e4tietoa tai hintatarjouksen, ole hyv\u00e4 ja ota meihin rohkeasti yhteytt\u00e4. Ks. yhteystiedot.\" \/>\n<meta property=\"og:url\" content=\"https:\/\/donerkebab.ee\/products\/\" \/>\n<meta property=\"og:site_name\" content=\"Franklin\" \/>\n<meta property=\"article:modified_time\" content=\"2023-10-09T08:34:43+00:00\" \/>\n<meta name=\"twitter:card\" content=\"summary_large_image\" \/>\n<script type=\"application\/ld+json\" class=\"yoast-schema-graph\">{\"@context\":\"https:\/\/schema.org\",\"@graph\":[{\"@type\":\"WebPage\",\"@id\":\"https:\/\/donerkebab.ee\/products\/\",\"url\":\"https:\/\/donerkebab.ee\/products\/\",\"name\":\"TUOTTEET - Franklin\",\"isPartOf\":{\"@id\":\"https:\/\/donerkebab.ee\/#website\"},\"datePublished\":\"2023-08-01T19:52:33+00:00\",\"dateModified\":\"2023-10-09T08:34:43+00:00\",\"breadcrumb\":{\"@id\":\"https:\/\/donerkebab.ee\/products\/#breadcrumb\"},\"inLanguage\":\"fi-FI\",\"potentialAction\":[{\"@type\":\"ReadAction\",\"target\":[\"https:\/\/donerkebab.ee\/products\/\"]}]},{\"@type\":\"BreadcrumbList\",\"@id\":\"https:\/\/donerkebab.ee\/products\/#breadcrumb\",\"itemListElement\":[{\"@type\":\"ListItem\",\"position\":1,\"name\":\"Home\",\"item\":\"https:\/\/donerkebab.ee\/\"},{\"@type\":\"ListItem\",\"position\":2,\"name\":\"TUOTTEET\"}]},{\"@type\":\"WebSite\",\"@id\":\"https:\/\/donerkebab.ee\/#website\",\"url\":\"https:\/\/donerkebab.ee\/\",\"name\":\"Franklin\",\"description\":\"\",\"potentialAction\":[{\"@type\":\"SearchAction\",\"target\":{\"@type\":\"EntryPoint\",\"urlTemplate\":\"https:\/\/donerkebab.ee\/?s={search_term_string}\"},\"query-input\":{\"@type\":\"PropertyValueSpecification\",\"valueRequired\":true,\"valueName\":\"search_term_string\"}}],\"inLanguage\":\"fi-FI\"}]}<\/script>\n<!-- \/ Yoast SEO plugin. -->","yoast_head_json":{"title":"TUOTTEET - Franklin","robots":{"index":"index","follow":"follow","max-snippet":"max-snippet:-1","max-image-preview":"max-image-preview:large","max-video-preview":"max-video-preview:-1"},"canonical":"https:\/\/donerkebab.ee\/products\/","og_locale":"fi_FI","og_type":"article","og_title":"TUOTTEET - Franklin","og_description":"Valikoimamme koostuu p\u00e4\u00e4asiassa erilaisista pakastelihoista. Lihatuotteiden tukkumyynnin ohella tarjoamme my\u00f6s laadukasta erityisl\u00e4mp\u00f6tilaa vaativien (\u201318&#8230; \u201320 \u00b0C) tuotteiden kuljetus- ja logistiikkapalvelua. Jos haluat lis\u00e4tietoa tai hintatarjouksen, ole hyv\u00e4 ja ota meihin rohkeasti yhteytt\u00e4. Ks. yhteystiedot.","og_url":"https:\/\/donerkebab.ee\/products\/","og_site_name":"Franklin","article_modified_time":"2023-10-09T08:34:43+00:00","twitter_card":"summary_large_image","schema":{"@context":"https:\/\/schema.org","@graph":[{"@type":"WebPage","@id":"https:\/\/donerkebab.ee\/products\/","url":"https:\/\/donerkebab.ee\/products\/","name":"TUOTTEET - Franklin","isPartOf":{"@id":"https:\/\/donerkebab.ee\/#website"},"datePublished":"2023-08-01T19:52:33+00:00","dateModified":"2023-10-09T08:34:43+00:00","breadcrumb":{"@id":"https:\/\/donerkebab.ee\/products\/#breadcrumb"},"inLanguage":"fi-FI","potentialAction":[{"@type":"ReadAction","target":["https:\/\/donerkebab.ee\/products\/"]}]},{"@type":"BreadcrumbList","@id":"https:\/\/donerkebab.ee\/products\/#breadcrumb","itemListElement":[{"@type":"ListItem","position":1,"name":"Home","item":"https:\/\/donerkebab.ee\/"},{"@type":"ListItem","position":2,"name":"TUOTTEET"}]},{"@type":"WebSite","@id":"https:\/\/donerkebab.ee\/#website","url":"https:\/\/donerkebab.ee\/","name":"Franklin","description":"","potentialAction":[{"@type":"SearchAction","target":{"@type":"EntryPoint","urlTemplate":"https:\/\/donerkebab.ee\/?s={search_term_string}"},"query-input":{"@type":"PropertyValueSpecification","valueRequired":true,"valueName":"search_term_string"}}],"inLanguage":"fi-FI"}]}},"_links":{"self":[{"href":"https:\/\/donerkebab.ee\/fi\/wp-json\/wp\/v2\/pages\/863","targetHints":{"allow":["GET"]}}],"collection":[{"href":"https:\/\/donerkebab.ee\/fi\/wp-json\/wp\/v2\/pages"}],"about":[{"href":"https:\/\/donerkebab.ee\/fi\/wp-json\/wp\/v2\/types\/page"}],"author":[{"embeddable":true,"href":"https:\/\/donerkebab.ee\/fi\/wp-json\/wp\/v2\/users\/1"}],"replies":[{"embeddable":true,"href":"https:\/\/donerkebab.ee\/fi\/wp-json\/wp\/v2\/comments?post=863"}],"version-history":[{"count":1,"href":"https:\/\/donerkebab.ee\/fi\/wp-json\/wp\/v2\/pages\/863\/revisions"}],"predecessor-version":[{"id":864,"href":"https:\/\/donerkebab.ee\/fi\/wp-json\/wp\/v2\/pages\/863\/revisions\/864"}],"wp:attachment":[{"href":"https:\/\/donerkebab.ee\/fi\/wp-json\/wp\/v2\/media?parent=863"}],"curies":[{"name":"wp","href":"https:\/\/api.w.org\/{rel}","templated":true}]}}