{"id":871,"date":"2023-08-01T19:52:43","date_gmt":"2023-08-01T19:52:43","guid":{"rendered":"https:\/\/donerkebab.ee\/palvelut\/"},"modified":"2023-10-09T08:51:08","modified_gmt":"2023-10-09T08:51:08","slug":"palvelut","status":"publish","type":"page","link":"https:\/\/donerkebab.ee\/fi\/palvelut\/","title":{"rendered":"PALVELUT"},"content":{"rendered":"\t\t<div data-elementor-type=\"wp-page\" data-elementor-id=\"871\" class=\"elementor elementor-871 elementor-27\">\n\t\t\t\t\t\t<section class=\"elementor-section elementor-top-section elementor-element elementor-element-9541f2c elementor-section-boxed elementor-section-height-default elementor-section-height-default\" data-id=\"9541f2c\" data-element_type=\"section\">\n\t\t\t\t\t\t<div class=\"elementor-container elementor-column-gap-default\">\n\t\t\t\t\t<div class=\"elementor-column elementor-col-100 elementor-top-column elementor-element elementor-element-b18b3f1\" data-id=\"b18b3f1\" data-element_type=\"column\">\n\t\t\t<div class=\"elementor-widget-wrap elementor-element-populated\">\n\t\t\t\t\t\t<div class=\"elementor-element elementor-element-e657522 elementor-widget elementor-widget-text-editor\" data-id=\"e657522\" data-element_type=\"widget\" data-widget_type=\"text-editor.default\">\n\t\t\t\t<div class=\"elementor-widget-container\">\n\t\t\t\t\t\t\t\t\t<p style=\"font-weight: 400;\"><strong>Toimitusehdot<\/strong><\/p>\n<p style=\"font-weight: 400;\">Franklin O\u00dc l\u00e4hett\u00e4\u00e4 tilauksesi 1\u20135 ty\u00f6p\u00e4iv\u00e4n kuluessa maksun saapumisesta lukien.<\/p>\n<p style=\"font-weight: 400;\">Yli 50 euron tilausten yhteydess\u00e4 toimitamme tavaran Viron alueella perille maksutta.<\/p>\n<p style=\"font-weight: 400;\">Jos tilauksesi summa on alle 50 euroa, toimituskustannus lasketaan Sinulle tuotteiden painon, tilavuuden ja halutun toimitustavan perusteella automaattisesti.<\/p>\n<p style=\"font-weight: 400;\">Verkkokaupastamme ostaessasi voit valita monista erilaisista toimitustavoista. Kuljetusmaksu lasketaan automaattisesti ostoskorisi sis\u00e4ll\u00f6n perusteella (ts. samaan osoitteeseen l\u00e4hetett\u00e4ville tuotteille m\u00e4\u00e4ritet\u00e4\u00e4n yksi maksu).<\/p>\n<p style=\"font-weight: 400;\">Kaikkiin Virossa sijaitseviin toimitusosoitteisiin tuotteet toimittaa perille Franklin O\u00dc tai kuljetuspalvelun tarjoaja. Kansainv\u00e4lisen toimituksen osalta tulee sopia Franklin O\u00dc:n kanssa etuk\u00e4teen.<\/p>\n<p style=\"font-weight: 400;\"><strong>Toimitustavat<\/strong><\/p>\n<ul>\n<li>Omnivan pakettiautomaatti<br \/>\nOmnivan postitoimisto, tulee sopia Franklin O\u00dc:n l\u00e4hetin kanssa etuk\u00e4teen<\/li>\n<li>Pakettiautomaatti \u2013 pakettiautomaatit ovat itsepalveluun perustuva vaihtoehto pakkausten haltuun saamiseen. Ne sijaitsevat l\u00e4hinn\u00e4 suurissa ostoskeskuksissa tai niiden l\u00e4heisyydess\u00e4, ja niihin mahtuu enint\u00e4\u00e4n 39 \u00d7 38 \u00d7 64 cm (mukaan luettuna pakkaus) kokoiset paketit. Kun pakettisi on saapunut perille, saat tekstiviestin, jossa on henkil\u00f6kohtainen koodi. Kun kirjoitat saamasi koodin koneeseen, yksi automaatin luukuista avautuu ja saat paketin haltuusi. Pakettiautomaattien sijainnit voit katsoa valitsemalla kyseisen toimitustavan.<\/li>\n<li>Omniva \u2013 tilauksesi toimitetaan l\u00e4himp\u00e4\u00e4n postitoimistoon. Omniva l\u00e4hett\u00e4\u00e4 Sinulle ilmoituksen paketin saapumisesta. Paketin haltuun saamiseksi Sinun pit\u00e4\u00e4 esitt\u00e4\u00e4 saamasi ilmoitus postitoimistossa.<\/li>\n<li>L\u00e4hetti \u2013 jos valitset toimituksen l\u00e4hetill\u00e4, tilauksesi toimitetaan suoraan esitettyyn osoitteeseen. Meille l\u00e4hettipalveluita tarjoavat Omniva ja DPD. Kun l\u00e4hetti on saanut tilauksesi haltuunsa, h\u00e4n ottaa Sinuun yhteytt\u00e4 sopiakseen l\u00e4hetyksen luovutusajan.<br \/>\nLis\u00e4maksusta tavarat tuodaan Sinulle sis\u00e4lle asti perille.<\/li>\n<\/ul>\n\t\t\t\t\t\t\t\t<\/div>\n\t\t\t\t<\/div>\n\t\t\t\t\t<\/div>\n\t\t<\/div>\n\t\t\t\t\t<\/div>\n\t\t<\/section>\n\t\t\t\t<\/div>\n\t\t","protected":false},"excerpt":{"rendered":"<p>Toimitusehdot Franklin O\u00dc l\u00e4hett\u00e4\u00e4 tilauksesi 1\u20135 ty\u00f6p\u00e4iv\u00e4n kuluessa maksun saapumisesta lukien. Yli 50 euron tilausten yhteydess\u00e4 toimitamme tavaran Viron alueella perille maksutta. Jos tilauksesi summa on alle 50 euroa, toimituskustannus lasketaan Sinulle tuotteiden painon, tilavuuden ja halutun toimitustavan perusteella automaattisesti. Verkkokaupastamme ostaessasi voit valita monista erilaisista toimitustavoista. Kuljetusmaksu lasketaan automaattisesti ostoskorisi sis\u00e4ll\u00f6n perusteella (ts. samaan [&hellip;]<\/p>\n","protected":false},"author":1,"featured_media":0,"parent":0,"menu_order":0,"comment_status":"closed","ping_status":"closed","template":"","meta":{"footnotes":""},"class_list":["post-871","page","type-page","status-publish","hentry"],"yoast_head":"<!-- This site is optimized with the Yoast SEO plugin v25.4 - https:\/\/yoast.com\/wordpress\/plugins\/seo\/ -->\n<title>PALVELUT - Franklin<\/title>\n<meta name=\"robots\" content=\"index, follow, max-snippet:-1, max-image-preview:large, max-video-preview:-1\" \/>\n<link rel=\"canonical\" href=\"https:\/\/donerkebab.ee\/services\/\" \/>\n<meta property=\"og:locale\" content=\"fi_FI\" \/>\n<meta property=\"og:type\" content=\"article\" \/>\n<meta property=\"og:title\" content=\"PALVELUT - Franklin\" \/>\n<meta property=\"og:description\" content=\"Toimitusehdot Franklin O\u00dc l\u00e4hett\u00e4\u00e4 tilauksesi 1\u20135 ty\u00f6p\u00e4iv\u00e4n kuluessa maksun saapumisesta lukien. Yli 50 euron tilausten yhteydess\u00e4 toimitamme tavaran Viron alueella perille maksutta. Jos tilauksesi summa on alle 50 euroa, toimituskustannus lasketaan Sinulle tuotteiden painon, tilavuuden ja halutun toimitustavan perusteella automaattisesti. Verkkokaupastamme ostaessasi voit valita monista erilaisista toimitustavoista. Kuljetusmaksu lasketaan automaattisesti ostoskorisi sis\u00e4ll\u00f6n perusteella (ts. samaan [&hellip;]\" \/>\n<meta property=\"og:url\" content=\"https:\/\/donerkebab.ee\/services\/\" \/>\n<meta property=\"og:site_name\" content=\"Franklin\" \/>\n<meta property=\"article:modified_time\" content=\"2023-10-09T08:51:08+00:00\" \/>\n<meta name=\"twitter:card\" content=\"summary_large_image\" \/>\n<meta name=\"twitter:label1\" content=\"Est. reading time\" \/>\n\t<meta name=\"twitter:data1\" content=\"1 minute\" \/>\n<script type=\"application\/ld+json\" class=\"yoast-schema-graph\">{\"@context\":\"https:\/\/schema.org\",\"@graph\":[{\"@type\":\"WebPage\",\"@id\":\"https:\/\/donerkebab.ee\/services\/\",\"url\":\"https:\/\/donerkebab.ee\/services\/\",\"name\":\"PALVELUT - Franklin\",\"isPartOf\":{\"@id\":\"https:\/\/donerkebab.ee\/#website\"},\"datePublished\":\"2023-08-01T19:52:43+00:00\",\"dateModified\":\"2023-10-09T08:51:08+00:00\",\"breadcrumb\":{\"@id\":\"https:\/\/donerkebab.ee\/services\/#breadcrumb\"},\"inLanguage\":\"fi-FI\",\"potentialAction\":[{\"@type\":\"ReadAction\",\"target\":[\"https:\/\/donerkebab.ee\/services\/\"]}]},{\"@type\":\"BreadcrumbList\",\"@id\":\"https:\/\/donerkebab.ee\/services\/#breadcrumb\",\"itemListElement\":[{\"@type\":\"ListItem\",\"position\":1,\"name\":\"Home\",\"item\":\"https:\/\/donerkebab.ee\/\"},{\"@type\":\"ListItem\",\"position\":2,\"name\":\"PALVELUT\"}]},{\"@type\":\"WebSite\",\"@id\":\"https:\/\/donerkebab.ee\/#website\",\"url\":\"https:\/\/donerkebab.ee\/\",\"name\":\"Franklin\",\"description\":\"\",\"potentialAction\":[{\"@type\":\"SearchAction\",\"target\":{\"@type\":\"EntryPoint\",\"urlTemplate\":\"https:\/\/donerkebab.ee\/?s={search_term_string}\"},\"query-input\":{\"@type\":\"PropertyValueSpecification\",\"valueRequired\":true,\"valueName\":\"search_term_string\"}}],\"inLanguage\":\"fi-FI\"}]}<\/script>\n<!-- \/ Yoast SEO plugin. -->","yoast_head_json":{"title":"PALVELUT - Franklin","robots":{"index":"index","follow":"follow","max-snippet":"max-snippet:-1","max-image-preview":"max-image-preview:large","max-video-preview":"max-video-preview:-1"},"canonical":"https:\/\/donerkebab.ee\/services\/","og_locale":"fi_FI","og_type":"article","og_title":"PALVELUT - Franklin","og_description":"Toimitusehdot Franklin O\u00dc l\u00e4hett\u00e4\u00e4 tilauksesi 1\u20135 ty\u00f6p\u00e4iv\u00e4n kuluessa maksun saapumisesta lukien. Yli 50 euron tilausten yhteydess\u00e4 toimitamme tavaran Viron alueella perille maksutta. Jos tilauksesi summa on alle 50 euroa, toimituskustannus lasketaan Sinulle tuotteiden painon, tilavuuden ja halutun toimitustavan perusteella automaattisesti. Verkkokaupastamme ostaessasi voit valita monista erilaisista toimitustavoista. Kuljetusmaksu lasketaan automaattisesti ostoskorisi sis\u00e4ll\u00f6n perusteella (ts. samaan [&hellip;]","og_url":"https:\/\/donerkebab.ee\/services\/","og_site_name":"Franklin","article_modified_time":"2023-10-09T08:51:08+00:00","twitter_card":"summary_large_image","twitter_misc":{"Est. reading time":"1 minute"},"schema":{"@context":"https:\/\/schema.org","@graph":[{"@type":"WebPage","@id":"https:\/\/donerkebab.ee\/services\/","url":"https:\/\/donerkebab.ee\/services\/","name":"PALVELUT - Franklin","isPartOf":{"@id":"https:\/\/donerkebab.ee\/#website"},"datePublished":"2023-08-01T19:52:43+00:00","dateModified":"2023-10-09T08:51:08+00:00","breadcrumb":{"@id":"https:\/\/donerkebab.ee\/services\/#breadcrumb"},"inLanguage":"fi-FI","potentialAction":[{"@type":"ReadAction","target":["https:\/\/donerkebab.ee\/services\/"]}]},{"@type":"BreadcrumbList","@id":"https:\/\/donerkebab.ee\/services\/#breadcrumb","itemListElement":[{"@type":"ListItem","position":1,"name":"Home","item":"https:\/\/donerkebab.ee\/"},{"@type":"ListItem","position":2,"name":"PALVELUT"}]},{"@type":"WebSite","@id":"https:\/\/donerkebab.ee\/#website","url":"https:\/\/donerkebab.ee\/","name":"Franklin","description":"","potentialAction":[{"@type":"SearchAction","target":{"@type":"EntryPoint","urlTemplate":"https:\/\/donerkebab.ee\/?s={search_term_string}"},"query-input":{"@type":"PropertyValueSpecification","valueRequired":true,"valueName":"search_term_string"}}],"inLanguage":"fi-FI"}]}},"_links":{"self":[{"href":"https:\/\/donerkebab.ee\/fi\/wp-json\/wp\/v2\/pages\/871","targetHints":{"allow":["GET"]}}],"collection":[{"href":"https:\/\/donerkebab.ee\/fi\/wp-json\/wp\/v2\/pages"}],"about":[{"href":"https:\/\/donerkebab.ee\/fi\/wp-json\/wp\/v2\/types\/page"}],"author":[{"embeddable":true,"href":"https:\/\/donerkebab.ee\/fi\/wp-json\/wp\/v2\/users\/1"}],"replies":[{"embeddable":true,"href":"https:\/\/donerkebab.ee\/fi\/wp-json\/wp\/v2\/comments?post=871"}],"version-history":[{"count":1,"href":"https:\/\/donerkebab.ee\/fi\/wp-json\/wp\/v2\/pages\/871\/revisions"}],"predecessor-version":[{"id":872,"href":"https:\/\/donerkebab.ee\/fi\/wp-json\/wp\/v2\/pages\/871\/revisions\/872"}],"wp:attachment":[{"href":"https:\/\/donerkebab.ee\/fi\/wp-json\/wp\/v2\/media?parent=871"}],"curies":[{"name":"wp","href":"https:\/\/api.w.org\/{rel}","templated":true}]}}