{"id":361,"date":"2023-08-01T19:52:43","date_gmt":"2023-08-01T19:52:43","guid":{"rendered":"https:\/\/donerkebab.ee\/paslaugos\/"},"modified":"2023-08-02T19:13:26","modified_gmt":"2023-08-02T19:13:26","slug":"paslaugos","status":"publish","type":"page","link":"https:\/\/donerkebab.ee\/lt\/paslaugos\/","title":{"rendered":"PASLAUGOS"},"content":{"rendered":"\t\t<div data-elementor-type=\"wp-page\" data-elementor-id=\"361\" class=\"elementor elementor-361 elementor-27\">\n\t\t\t\t\t\t<section class=\"elementor-section elementor-top-section elementor-element elementor-element-9541f2c elementor-section-boxed elementor-section-height-default elementor-section-height-default\" data-id=\"9541f2c\" data-element_type=\"section\">\n\t\t\t\t\t\t<div class=\"elementor-container elementor-column-gap-default\">\n\t\t\t\t\t<div class=\"elementor-column elementor-col-100 elementor-top-column elementor-element elementor-element-b18b3f1\" data-id=\"b18b3f1\" data-element_type=\"column\">\n\t\t\t<div class=\"elementor-widget-wrap elementor-element-populated\">\n\t\t\t\t\t\t<div class=\"elementor-element elementor-element-e657522 elementor-widget elementor-widget-text-editor\" data-id=\"e657522\" data-element_type=\"widget\" data-widget_type=\"text-editor.default\">\n\t\t\t\t<div class=\"elementor-widget-container\">\n\t\t\t\t\t\t\t\t\t<p><strong>Pristatymo s\u0105lygos<\/strong><\/p><p>\u201eFranklin\u201c O\u00dc i\u0161siun\u010dia J\u016bs\u0173 u\u017esakytas prekes per 1 \u20135 darbo dienas nuo tada, kai gaunamas apmok\u0117jimas \u012f \u012fmon\u0117s banko s\u0105skait\u0105.<\/p><p>Jeigu u\u017esakymo vert\u0117 vir\u0161ija 50 eur\u0173, Estijos teritorijoje produktus siun\u010diame nemokamai.<\/p><p>Jeigu u\u017esakymo vert\u0117 nevir\u0161ija 50 eur\u0173, prie u\u017esakyt\u0173 produkt\u0173 kainos yra automati\u0161kai pridedamas pagal u\u017esakyt\u0173 preki\u0173 kiek\u012f \/ svor\u012f skai\u010diuojamas siuntimo mokestis, atsi\u017evelgiant \u012f J\u016bs\u0173 pasirinkt\u0105 siuntimo b\u016bd\u0105.<\/p><p>U\u017esisakin\u0117dami preki\u0173 internetin\u0117je \u201eFranklin\u201c O\u00dc parduotuv\u0117je, galite rinktis skirtingus produkt\u0173 pristatymo b\u016bdus.<\/p><p>Pristatymo mokestis skai\u010diuojamas nuo preki\u0173 krep\u0161elio (tai yra vienkartinis mokestis, kai prek\u0117s pristatomos vienu adresu).<\/p><p>U\u017e preki\u0173 pristatym\u0105 atsako \u201eFranklin\u201c O\u00dc arba pristatymo paslaug\u0105 teikianti \u012fmon\u0117.<\/p><p>Preki\u0173 pristatymas galimas visoje Estijos teritorijoje. D\u0117l preki\u0173 pristatymo \u012f u\u017esien\u012f su \u201eFranklin\u201c O\u00dc reik\u0117t\u0173 tartis atskirai.<\/p><p><strong>Pristatymo galimyb\u0117s<\/strong><\/p><ul><li>\u201eOmniva\u201c pa\u0161tomatas<\/li><li>\u201eOmniva\u201c pa\u0161to skyrius, susitarus su \u201eFranklin\u201c O\u00dc<\/li><li>Kurjeris<\/li><\/ul><p><br \/>Pa\u0161tomatas \u2013 pa\u0161tomatai yra savitarnos siunt\u0173 gavimo vietos, paprastai esan\u010dios didesniuose prekybos centruose ar \u0161alia j\u0173. \u012e pa\u0161tomatus telpa siuntos, kuri\u0173 maksimal\u016bs matmenys kartu su pakuote yra 39\u00d738\u00d764 cm. Kai siunta pristatoma \u012f pa\u0161tomat\u0105, J\u016bs gaunate SMS prane\u0161im\u0105 ir asmenin\u012f kod\u0105. Gaut\u0105 kod\u0105 reikia \u012fra\u0161yti pa\u0161tomato ekrane, tuomet atsidaro pa\u0161tomato durel\u0117s ir galite atsiimti siunt\u0105. Pa\u0161tomat\u0173 vietas rasite prie pa\u0161tomat\u0173 pasirinkimo.<\/p><p>\u201eOmniva\u201c \u2013 u\u017esakyti produktai pristatomi \u012f ar\u010diausiai J\u016bs\u0173 esant\u012f pa\u0161to skyri\u0173. Kai siunta pristatoma \u012f pa\u0161to skyri\u0173, \u201eOmniva\u201c Jums siun\u010dia siuntos pristatymo prane\u0161im\u0105, kuriuo remdamiesi siunt\u0105 atsiimti gal\u0117site prane\u0161ime nurodytame pa\u0161to skyriuje.<\/p><p>Kurjeris \u2013 forminant pirkim\u0105 ir prek\u0117ms pristatyti pasirinkus pristatymo b\u016bd\u0105 \u201eKurjeris\u201c, u\u017esakytos prek\u0117s Jums bus pristatytos nurodytu adresu iki lauko dur\u0173. Preki\u0173 kurjeriai yra \u201eOmniva\u201c, \u201eDPD\u201c. Po to, kai visos J\u016bs\u0173 u\u017esakytos prek\u0117s yra perduotos kurjeriui, kurjeris su Jumis susisiekia ir susitaria d\u0117l tikslaus preki\u0173 pristatymo laiko.<\/p><p>U\u017e papildom\u0105 mokest\u012f galima u\u017esisakyti preki\u0173 pristatym\u0105 \u012f patalpos vid\u0173.<\/p>\t\t\t\t\t\t\t\t<\/div>\n\t\t\t\t<\/div>\n\t\t\t\t\t<\/div>\n\t\t<\/div>\n\t\t\t\t\t<\/div>\n\t\t<\/section>\n\t\t\t\t<\/div>\n\t\t","protected":false},"excerpt":{"rendered":"<p>Pristatymo s\u0105lygos \u201eFranklin\u201c O\u00dc i\u0161siun\u010dia J\u016bs\u0173 u\u017esakytas prekes per 1 \u20135 darbo dienas nuo tada, kai gaunamas apmok\u0117jimas \u012f \u012fmon\u0117s banko s\u0105skait\u0105. Jeigu u\u017esakymo vert\u0117 vir\u0161ija 50 eur\u0173, Estijos teritorijoje produktus siun\u010diame nemokamai. Jeigu u\u017esakymo vert\u0117 nevir\u0161ija 50 eur\u0173, prie u\u017esakyt\u0173 produkt\u0173 kainos yra automati\u0161kai pridedamas pagal u\u017esakyt\u0173 preki\u0173 kiek\u012f \/ svor\u012f skai\u010diuojamas siuntimo mokestis, [&hellip;]<\/p>\n","protected":false},"author":1,"featured_media":0,"parent":0,"menu_order":0,"comment_status":"closed","ping_status":"closed","template":"","meta":{"footnotes":""},"class_list":["post-361","page","type-page","status-publish","hentry"],"yoast_head":"<!-- This site is optimized with the Yoast SEO plugin v25.4 - https:\/\/yoast.com\/wordpress\/plugins\/seo\/ -->\n<title>PASLAUGOS - Franklin<\/title>\n<meta name=\"robots\" content=\"index, follow, max-snippet:-1, max-image-preview:large, max-video-preview:-1\" \/>\n<link rel=\"canonical\" href=\"https:\/\/donerkebab.ee\/services\/\" \/>\n<meta property=\"og:locale\" content=\"lt_LT\" \/>\n<meta property=\"og:type\" content=\"article\" \/>\n<meta property=\"og:title\" content=\"PASLAUGOS - Franklin\" \/>\n<meta property=\"og:description\" content=\"Pristatymo s\u0105lygos \u201eFranklin\u201c O\u00dc i\u0161siun\u010dia J\u016bs\u0173 u\u017esakytas prekes per 1 \u20135 darbo dienas nuo tada, kai gaunamas apmok\u0117jimas \u012f \u012fmon\u0117s banko s\u0105skait\u0105. Jeigu u\u017esakymo vert\u0117 vir\u0161ija 50 eur\u0173, Estijos teritorijoje produktus siun\u010diame nemokamai. Jeigu u\u017esakymo vert\u0117 nevir\u0161ija 50 eur\u0173, prie u\u017esakyt\u0173 produkt\u0173 kainos yra automati\u0161kai pridedamas pagal u\u017esakyt\u0173 preki\u0173 kiek\u012f \/ svor\u012f skai\u010diuojamas siuntimo mokestis, [&hellip;]\" \/>\n<meta property=\"og:url\" content=\"https:\/\/donerkebab.ee\/services\/\" \/>\n<meta property=\"og:site_name\" content=\"Franklin\" \/>\n<meta property=\"article:modified_time\" content=\"2023-08-02T19:13:26+00:00\" \/>\n<meta name=\"twitter:card\" content=\"summary_large_image\" \/>\n<meta name=\"twitter:label1\" content=\"Est. reading time\" \/>\n\t<meta name=\"twitter:data1\" content=\"2 minut\u0117s\" \/>\n<script type=\"application\/ld+json\" class=\"yoast-schema-graph\">{\"@context\":\"https:\/\/schema.org\",\"@graph\":[{\"@type\":\"WebPage\",\"@id\":\"https:\/\/donerkebab.ee\/services\/\",\"url\":\"https:\/\/donerkebab.ee\/services\/\",\"name\":\"PASLAUGOS - Franklin\",\"isPartOf\":{\"@id\":\"https:\/\/donerkebab.ee\/#website\"},\"datePublished\":\"2023-08-01T19:52:43+00:00\",\"dateModified\":\"2023-08-02T19:13:26+00:00\",\"breadcrumb\":{\"@id\":\"https:\/\/donerkebab.ee\/services\/#breadcrumb\"},\"inLanguage\":\"lt-LT\",\"potentialAction\":[{\"@type\":\"ReadAction\",\"target\":[\"https:\/\/donerkebab.ee\/services\/\"]}]},{\"@type\":\"BreadcrumbList\",\"@id\":\"https:\/\/donerkebab.ee\/services\/#breadcrumb\",\"itemListElement\":[{\"@type\":\"ListItem\",\"position\":1,\"name\":\"Home\",\"item\":\"https:\/\/donerkebab.ee\/\"},{\"@type\":\"ListItem\",\"position\":2,\"name\":\"PASLAUGOS\"}]},{\"@type\":\"WebSite\",\"@id\":\"https:\/\/donerkebab.ee\/#website\",\"url\":\"https:\/\/donerkebab.ee\/\",\"name\":\"Franklin\",\"description\":\"\",\"potentialAction\":[{\"@type\":\"SearchAction\",\"target\":{\"@type\":\"EntryPoint\",\"urlTemplate\":\"https:\/\/donerkebab.ee\/?s={search_term_string}\"},\"query-input\":{\"@type\":\"PropertyValueSpecification\",\"valueRequired\":true,\"valueName\":\"search_term_string\"}}],\"inLanguage\":\"lt-LT\"}]}<\/script>\n<!-- \/ Yoast SEO plugin. -->","yoast_head_json":{"title":"PASLAUGOS - Franklin","robots":{"index":"index","follow":"follow","max-snippet":"max-snippet:-1","max-image-preview":"max-image-preview:large","max-video-preview":"max-video-preview:-1"},"canonical":"https:\/\/donerkebab.ee\/services\/","og_locale":"lt_LT","og_type":"article","og_title":"PASLAUGOS - Franklin","og_description":"Pristatymo s\u0105lygos \u201eFranklin\u201c O\u00dc i\u0161siun\u010dia J\u016bs\u0173 u\u017esakytas prekes per 1 \u20135 darbo dienas nuo tada, kai gaunamas apmok\u0117jimas \u012f \u012fmon\u0117s banko s\u0105skait\u0105. Jeigu u\u017esakymo vert\u0117 vir\u0161ija 50 eur\u0173, Estijos teritorijoje produktus siun\u010diame nemokamai. Jeigu u\u017esakymo vert\u0117 nevir\u0161ija 50 eur\u0173, prie u\u017esakyt\u0173 produkt\u0173 kainos yra automati\u0161kai pridedamas pagal u\u017esakyt\u0173 preki\u0173 kiek\u012f \/ svor\u012f skai\u010diuojamas siuntimo mokestis, [&hellip;]","og_url":"https:\/\/donerkebab.ee\/services\/","og_site_name":"Franklin","article_modified_time":"2023-08-02T19:13:26+00:00","twitter_card":"summary_large_image","twitter_misc":{"Est. reading time":"2 minut\u0117s"},"schema":{"@context":"https:\/\/schema.org","@graph":[{"@type":"WebPage","@id":"https:\/\/donerkebab.ee\/services\/","url":"https:\/\/donerkebab.ee\/services\/","name":"PASLAUGOS - Franklin","isPartOf":{"@id":"https:\/\/donerkebab.ee\/#website"},"datePublished":"2023-08-01T19:52:43+00:00","dateModified":"2023-08-02T19:13:26+00:00","breadcrumb":{"@id":"https:\/\/donerkebab.ee\/services\/#breadcrumb"},"inLanguage":"lt-LT","potentialAction":[{"@type":"ReadAction","target":["https:\/\/donerkebab.ee\/services\/"]}]},{"@type":"BreadcrumbList","@id":"https:\/\/donerkebab.ee\/services\/#breadcrumb","itemListElement":[{"@type":"ListItem","position":1,"name":"Home","item":"https:\/\/donerkebab.ee\/"},{"@type":"ListItem","position":2,"name":"PASLAUGOS"}]},{"@type":"WebSite","@id":"https:\/\/donerkebab.ee\/#website","url":"https:\/\/donerkebab.ee\/","name":"Franklin","description":"","potentialAction":[{"@type":"SearchAction","target":{"@type":"EntryPoint","urlTemplate":"https:\/\/donerkebab.ee\/?s={search_term_string}"},"query-input":{"@type":"PropertyValueSpecification","valueRequired":true,"valueName":"search_term_string"}}],"inLanguage":"lt-LT"}]}},"_links":{"self":[{"href":"https:\/\/donerkebab.ee\/lt\/wp-json\/wp\/v2\/pages\/361","targetHints":{"allow":["GET"]}}],"collection":[{"href":"https:\/\/donerkebab.ee\/lt\/wp-json\/wp\/v2\/pages"}],"about":[{"href":"https:\/\/donerkebab.ee\/lt\/wp-json\/wp\/v2\/types\/page"}],"author":[{"embeddable":true,"href":"https:\/\/donerkebab.ee\/lt\/wp-json\/wp\/v2\/users\/1"}],"replies":[{"embeddable":true,"href":"https:\/\/donerkebab.ee\/lt\/wp-json\/wp\/v2\/comments?post=361"}],"version-history":[{"count":4,"href":"https:\/\/donerkebab.ee\/lt\/wp-json\/wp\/v2\/pages\/361\/revisions"}],"predecessor-version":[{"id":365,"href":"https:\/\/donerkebab.ee\/lt\/wp-json\/wp\/v2\/pages\/361\/revisions\/365"}],"wp:attachment":[{"href":"https:\/\/donerkebab.ee\/lt\/wp-json\/wp\/v2\/media?parent=361"}],"curies":[{"name":"wp","href":"https:\/\/api.w.org\/{rel}","templated":true}]}}