{"id":669,"date":"2023-08-01T19:52:49","date_gmt":"2023-08-01T19:52:49","guid":{"rendered":"https:\/\/donerkebab.ee\/par-mums\/"},"modified":"2023-10-04T14:19:16","modified_gmt":"2023-10-04T14:19:16","slug":"par-mums","status":"publish","type":"page","link":"https:\/\/donerkebab.ee\/lv\/par-mums\/","title":{"rendered":"Par mums"},"content":{"rendered":"\t\t<div data-elementor-type=\"wp-page\" data-elementor-id=\"669\" class=\"elementor elementor-669 elementor-30\">\n\t\t\t\t\t\t<section class=\"elementor-section elementor-top-section elementor-element elementor-element-a4a75c9 elementor-section-boxed elementor-section-height-default elementor-section-height-default\" data-id=\"a4a75c9\" data-element_type=\"section\">\n\t\t\t\t\t\t<div class=\"elementor-container elementor-column-gap-default\">\n\t\t\t\t\t<div class=\"elementor-column elementor-col-50 elementor-top-column elementor-element elementor-element-95c03d0\" data-id=\"95c03d0\" data-element_type=\"column\">\n\t\t\t<div class=\"elementor-widget-wrap elementor-element-populated\">\n\t\t\t\t\t\t<div class=\"elementor-element elementor-element-072772f elementor-widget elementor-widget-text-editor\" data-id=\"072772f\" data-element_type=\"widget\" data-widget_type=\"text-editor.default\">\n\t\t\t\t<div class=\"elementor-widget-container\">\n\t\t\t\t\t\t\t\t\t<p style=\"font-weight: 400;\">M\u0113s cen\u0161amies saviem klientiem pied\u0101v\u0101t gar\u0161\u012bgu un augstas kvalit\u0101tes ga\u013cu un ga\u013cas produktus, un m\u016bsu \u012bpa\u0161\u0101 specializ\u0101cija ir sald\u0113ti produkti.<\/p>\n<p style=\"font-weight: 400;\">M\u016bsu produkti piln\u012bb\u0101 atbilst visiem starptautiskajiem standartiem, un mums ir ilggad\u0113ja pieredze p\u0101rtikas p\u0101rstr\u0101d\u0113 un transport\u0113\u0161an\u0101;<br \/>\nm\u016bsu darbiniekiem ir pla\u0161as zin\u0101\u0161anas par tehnolo\u0123ij\u0101m, ko izmanto ga\u013cas saglab\u0101\u0161anai svaig\u0101 veid\u0101.<\/p>\n<p style=\"font-weight: 400;\">\n<p style=\"font-weight: 400;\">Tas padara m\u016bs par uzticamu partneri visiem m\u016bsu klientiem. M\u016bsu m\u0113r\u0137is ir apmierin\u0101t klientu vajadz\u012bbas un kop\u012bgi veicin\u0101t vesel\u012bgu dz\u012bvesveidu. Tas, ka esam neliels uz\u0146\u0113mums, \u013cauj mums str\u0101d\u0101t individu\u0101li un rast risin\u0101jumus atbilsto\u0161i klientu vajadz\u012bb\u0101m.<\/p>\n<p style=\"font-weight: 400;\">M\u016bsu person\u012bg\u0101 lo\u0123istikas strukt\u016bra nodro\u0161ina stingru l\u012bgum\u0101 noteikto termi\u0146u iev\u0113ro\u0161anu.<\/p>\n\t\t\t\t\t\t\t\t<\/div>\n\t\t\t\t<\/div>\n\t\t\t\t\t<\/div>\n\t\t<\/div>\n\t\t\t\t<div class=\"elementor-column elementor-col-50 elementor-top-column elementor-element elementor-element-65dfb08\" data-id=\"65dfb08\" data-element_type=\"column\">\n\t\t\t<div class=\"elementor-widget-wrap elementor-element-populated\">\n\t\t\t\t\t\t<div class=\"elementor-element elementor-element-a19794c elementor-widget__width-initial elementor-widget elementor-widget-image\" data-id=\"a19794c\" data-element_type=\"widget\" data-widget_type=\"image.default\">\n\t\t\t\t<div class=\"elementor-widget-container\">\n\t\t\t\t\t\t\t\t\t\t\t\t\t\t\t<img fetchpriority=\"high\" decoding=\"async\" width=\"300\" height=\"266\" src=\"https:\/\/donerkebab.ee\/wp-content\/uploads\/2023\/08\/auto.jpg\" class=\"attachment-large size-large wp-image-261\" alt=\"\" \/>\t\t\t\t\t\t\t\t\t\t\t\t\t\t\t<\/div>\n\t\t\t\t<\/div>\n\t\t\t\t\t<\/div>\n\t\t<\/div>\n\t\t\t\t\t<\/div>\n\t\t<\/section>\n\t\t\t\t<\/div>\n\t\t","protected":false},"excerpt":{"rendered":"<p>M\u0113s cen\u0161amies saviem klientiem pied\u0101v\u0101t gar\u0161\u012bgu un augstas kvalit\u0101tes ga\u013cu un ga\u013cas produktus, un m\u016bsu \u012bpa\u0161\u0101 specializ\u0101cija ir sald\u0113ti produkti. M\u016bsu produkti piln\u012bb\u0101 atbilst visiem starptautiskajiem standartiem, un mums ir ilggad\u0113ja pieredze p\u0101rtikas p\u0101rstr\u0101d\u0113 un transport\u0113\u0161an\u0101; m\u016bsu darbiniekiem ir pla\u0161as zin\u0101\u0161anas par tehnolo\u0123ij\u0101m, ko izmanto ga\u013cas saglab\u0101\u0161anai svaig\u0101 veid\u0101. Tas padara m\u016bs par uzticamu partneri [&hellip;]<\/p>\n","protected":false},"author":1,"featured_media":0,"parent":0,"menu_order":0,"comment_status":"closed","ping_status":"closed","template":"","meta":{"footnotes":""},"class_list":["post-669","page","type-page","status-publish","hentry"],"yoast_head":"<!-- This site is optimized with the Yoast SEO plugin v25.4 - https:\/\/yoast.com\/wordpress\/plugins\/seo\/ -->\n<title>Par mums - Franklin<\/title>\n<meta name=\"robots\" content=\"index, follow, max-snippet:-1, max-image-preview:large, max-video-preview:-1\" \/>\n<link rel=\"canonical\" href=\"https:\/\/donerkebab.ee\/about\/\" \/>\n<meta property=\"og:locale\" content=\"lv_LV\" \/>\n<meta property=\"og:type\" content=\"article\" \/>\n<meta property=\"og:title\" content=\"Par mums - Franklin\" \/>\n<meta property=\"og:description\" content=\"M\u0113s cen\u0161amies saviem klientiem pied\u0101v\u0101t gar\u0161\u012bgu un augstas kvalit\u0101tes ga\u013cu un ga\u013cas produktus, un m\u016bsu \u012bpa\u0161\u0101 specializ\u0101cija ir sald\u0113ti produkti. M\u016bsu produkti piln\u012bb\u0101 atbilst visiem starptautiskajiem standartiem, un mums ir ilggad\u0113ja pieredze p\u0101rtikas p\u0101rstr\u0101d\u0113 un transport\u0113\u0161an\u0101; m\u016bsu darbiniekiem ir pla\u0161as zin\u0101\u0161anas par tehnolo\u0123ij\u0101m, ko izmanto ga\u013cas saglab\u0101\u0161anai svaig\u0101 veid\u0101. Tas padara m\u016bs par uzticamu partneri [&hellip;]\" \/>\n<meta property=\"og:url\" content=\"https:\/\/donerkebab.ee\/about\/\" \/>\n<meta property=\"og:site_name\" content=\"Franklin\" \/>\n<meta property=\"article:modified_time\" content=\"2023-10-04T14:19:16+00:00\" \/>\n<meta property=\"og:image\" content=\"https:\/\/donerkebab.ee\/wp-content\/uploads\/2023\/08\/auto.jpg\" \/>\n<meta name=\"twitter:card\" content=\"summary_large_image\" \/>\n<meta name=\"twitter:label1\" content=\"Est. reading time\" \/>\n\t<meta name=\"twitter:data1\" content=\"1 minute\" \/>\n<script type=\"application\/ld+json\" class=\"yoast-schema-graph\">{\"@context\":\"https:\/\/schema.org\",\"@graph\":[{\"@type\":\"WebPage\",\"@id\":\"https:\/\/donerkebab.ee\/about\/\",\"url\":\"https:\/\/donerkebab.ee\/about\/\",\"name\":\"Par mums - Franklin\",\"isPartOf\":{\"@id\":\"https:\/\/donerkebab.ee\/#website\"},\"primaryImageOfPage\":{\"@id\":\"https:\/\/donerkebab.ee\/about\/#primaryimage\"},\"image\":{\"@id\":\"https:\/\/donerkebab.ee\/about\/#primaryimage\"},\"thumbnailUrl\":\"https:\/\/donerkebab.ee\/wp-content\/uploads\/2023\/08\/auto.jpg\",\"datePublished\":\"2023-08-01T19:52:49+00:00\",\"dateModified\":\"2023-10-04T14:19:16+00:00\",\"breadcrumb\":{\"@id\":\"https:\/\/donerkebab.ee\/about\/#breadcrumb\"},\"inLanguage\":\"lv-LV\",\"potentialAction\":[{\"@type\":\"ReadAction\",\"target\":[\"https:\/\/donerkebab.ee\/about\/\"]}]},{\"@type\":\"ImageObject\",\"inLanguage\":\"lv-LV\",\"@id\":\"https:\/\/donerkebab.ee\/about\/#primaryimage\",\"url\":\"https:\/\/donerkebab.ee\/wp-content\/uploads\/2023\/08\/auto.jpg\",\"contentUrl\":\"https:\/\/donerkebab.ee\/wp-content\/uploads\/2023\/08\/auto.jpg\"},{\"@type\":\"BreadcrumbList\",\"@id\":\"https:\/\/donerkebab.ee\/about\/#breadcrumb\",\"itemListElement\":[{\"@type\":\"ListItem\",\"position\":1,\"name\":\"Home\",\"item\":\"https:\/\/donerkebab.ee\/\"},{\"@type\":\"ListItem\",\"position\":2,\"name\":\"Par mums\"}]},{\"@type\":\"WebSite\",\"@id\":\"https:\/\/donerkebab.ee\/#website\",\"url\":\"https:\/\/donerkebab.ee\/\",\"name\":\"Franklin\",\"description\":\"\",\"potentialAction\":[{\"@type\":\"SearchAction\",\"target\":{\"@type\":\"EntryPoint\",\"urlTemplate\":\"https:\/\/donerkebab.ee\/?s={search_term_string}\"},\"query-input\":{\"@type\":\"PropertyValueSpecification\",\"valueRequired\":true,\"valueName\":\"search_term_string\"}}],\"inLanguage\":\"lv-LV\"}]}<\/script>\n<!-- \/ Yoast SEO plugin. -->","yoast_head_json":{"title":"Par mums - Franklin","robots":{"index":"index","follow":"follow","max-snippet":"max-snippet:-1","max-image-preview":"max-image-preview:large","max-video-preview":"max-video-preview:-1"},"canonical":"https:\/\/donerkebab.ee\/about\/","og_locale":"lv_LV","og_type":"article","og_title":"Par mums - Franklin","og_description":"M\u0113s cen\u0161amies saviem klientiem pied\u0101v\u0101t gar\u0161\u012bgu un augstas kvalit\u0101tes ga\u013cu un ga\u013cas produktus, un m\u016bsu \u012bpa\u0161\u0101 specializ\u0101cija ir sald\u0113ti produkti. M\u016bsu produkti piln\u012bb\u0101 atbilst visiem starptautiskajiem standartiem, un mums ir ilggad\u0113ja pieredze p\u0101rtikas p\u0101rstr\u0101d\u0113 un transport\u0113\u0161an\u0101; m\u016bsu darbiniekiem ir pla\u0161as zin\u0101\u0161anas par tehnolo\u0123ij\u0101m, ko izmanto ga\u013cas saglab\u0101\u0161anai svaig\u0101 veid\u0101. Tas padara m\u016bs par uzticamu partneri [&hellip;]","og_url":"https:\/\/donerkebab.ee\/about\/","og_site_name":"Franklin","article_modified_time":"2023-10-04T14:19:16+00:00","og_image":[{"url":"https:\/\/donerkebab.ee\/wp-content\/uploads\/2023\/08\/auto.jpg","type":"","width":"","height":""}],"twitter_card":"summary_large_image","twitter_misc":{"Est. reading time":"1 minute"},"schema":{"@context":"https:\/\/schema.org","@graph":[{"@type":"WebPage","@id":"https:\/\/donerkebab.ee\/about\/","url":"https:\/\/donerkebab.ee\/about\/","name":"Par mums - Franklin","isPartOf":{"@id":"https:\/\/donerkebab.ee\/#website"},"primaryImageOfPage":{"@id":"https:\/\/donerkebab.ee\/about\/#primaryimage"},"image":{"@id":"https:\/\/donerkebab.ee\/about\/#primaryimage"},"thumbnailUrl":"https:\/\/donerkebab.ee\/wp-content\/uploads\/2023\/08\/auto.jpg","datePublished":"2023-08-01T19:52:49+00:00","dateModified":"2023-10-04T14:19:16+00:00","breadcrumb":{"@id":"https:\/\/donerkebab.ee\/about\/#breadcrumb"},"inLanguage":"lv-LV","potentialAction":[{"@type":"ReadAction","target":["https:\/\/donerkebab.ee\/about\/"]}]},{"@type":"ImageObject","inLanguage":"lv-LV","@id":"https:\/\/donerkebab.ee\/about\/#primaryimage","url":"https:\/\/donerkebab.ee\/wp-content\/uploads\/2023\/08\/auto.jpg","contentUrl":"https:\/\/donerkebab.ee\/wp-content\/uploads\/2023\/08\/auto.jpg"},{"@type":"BreadcrumbList","@id":"https:\/\/donerkebab.ee\/about\/#breadcrumb","itemListElement":[{"@type":"ListItem","position":1,"name":"Home","item":"https:\/\/donerkebab.ee\/"},{"@type":"ListItem","position":2,"name":"Par mums"}]},{"@type":"WebSite","@id":"https:\/\/donerkebab.ee\/#website","url":"https:\/\/donerkebab.ee\/","name":"Franklin","description":"","potentialAction":[{"@type":"SearchAction","target":{"@type":"EntryPoint","urlTemplate":"https:\/\/donerkebab.ee\/?s={search_term_string}"},"query-input":{"@type":"PropertyValueSpecification","valueRequired":true,"valueName":"search_term_string"}}],"inLanguage":"lv-LV"}]}},"_links":{"self":[{"href":"https:\/\/donerkebab.ee\/lv\/wp-json\/wp\/v2\/pages\/669","targetHints":{"allow":["GET"]}}],"collection":[{"href":"https:\/\/donerkebab.ee\/lv\/wp-json\/wp\/v2\/pages"}],"about":[{"href":"https:\/\/donerkebab.ee\/lv\/wp-json\/wp\/v2\/types\/page"}],"author":[{"embeddable":true,"href":"https:\/\/donerkebab.ee\/lv\/wp-json\/wp\/v2\/users\/1"}],"replies":[{"embeddable":true,"href":"https:\/\/donerkebab.ee\/lv\/wp-json\/wp\/v2\/comments?post=669"}],"version-history":[{"count":1,"href":"https:\/\/donerkebab.ee\/lv\/wp-json\/wp\/v2\/pages\/669\/revisions"}],"predecessor-version":[{"id":670,"href":"https:\/\/donerkebab.ee\/lv\/wp-json\/wp\/v2\/pages\/669\/revisions\/670"}],"wp:attachment":[{"href":"https:\/\/donerkebab.ee\/lv\/wp-json\/wp\/v2\/media?parent=669"}],"curies":[{"name":"wp","href":"https:\/\/api.w.org\/{rel}","templated":true}]}}