{"id":671,"date":"2023-08-01T19:52:55","date_gmt":"2023-08-01T19:52:55","guid":{"rendered":"https:\/\/donerkebab.ee\/kontakti\/"},"modified":"2024-07-21T18:26:34","modified_gmt":"2024-07-21T18:26:34","slug":"kontakti","status":"publish","type":"page","link":"https:\/\/donerkebab.ee\/lv\/kontakti\/","title":{"rendered":"Kontakti"},"content":{"rendered":"\t\t<div data-elementor-type=\"wp-page\" data-elementor-id=\"671\" class=\"elementor elementor-671 elementor-32\">\n\t\t\t\t\t\t<section class=\"elementor-section elementor-top-section elementor-element elementor-element-0753dff elementor-section-boxed elementor-section-height-default elementor-section-height-default\" data-id=\"0753dff\" data-element_type=\"section\">\n\t\t\t\t\t\t<div class=\"elementor-container elementor-column-gap-default\">\n\t\t\t\t\t<div class=\"elementor-column elementor-col-100 elementor-top-column elementor-element elementor-element-cf3dcf9\" data-id=\"cf3dcf9\" data-element_type=\"column\">\n\t\t\t<div class=\"elementor-widget-wrap elementor-element-populated\">\n\t\t\t\t\t\t<div class=\"elementor-element elementor-element-4554223 elementor-widget elementor-widget-text-editor\" data-id=\"4554223\" data-element_type=\"widget\" data-widget_type=\"text-editor.default\">\n\t\t\t\t<div class=\"elementor-widget-container\">\n\t\t\t\t\t\t\t\t\t<p>Franklin O\u00dc<\/p><p>L\u00f5\u00f5tsa tn 1a, 11415<br \/>Tallinn, Estonia<\/p><p>T\u0101lr.:\u00a0(+372) 50 30 094<\/p><p>E-<span lang=\"LV\">pasts<\/span>: sales@d\u00f6nerkebab.ee<\/p>\t\t\t\t\t\t\t\t<\/div>\n\t\t\t\t<\/div>\n\t\t\t\t<div class=\"elementor-element elementor-element-19b99de elementor-widget elementor-widget-shortcode\" data-id=\"19b99de\" data-element_type=\"widget\" data-widget_type=\"shortcode.default\">\n\t\t\t\t<div class=\"elementor-widget-container\">\n\t\t\t\t\t\t\t<div class=\"elementor-shortcode\">\n<div class=\"wpcf7 no-js\" id=\"wpcf7-f654-o1\" lang=\"en-US\" dir=\"ltr\" data-wpcf7-id=\"654\">\n<div class=\"screen-reader-response\"><p role=\"status\" aria-live=\"polite\" aria-atomic=\"true\"><\/p> <ul><\/ul><\/div>\n<form action=\"\/lv\/wp-json\/wp\/v2\/pages\/671#wpcf7-f654-o1\" method=\"post\" class=\"wpcf7-form init\" aria-label=\"Contact form\" novalidate=\"novalidate\" data-status=\"init\">\n<fieldset class=\"hidden-fields-container\"><input type=\"hidden\" name=\"_wpcf7\" value=\"654\" \/><input type=\"hidden\" name=\"_wpcf7_version\" value=\"6.1\" \/><input type=\"hidden\" name=\"_wpcf7_locale\" value=\"en_US\" \/><input type=\"hidden\" name=\"_wpcf7_unit_tag\" value=\"wpcf7-f654-o1\" \/><input type=\"hidden\" name=\"_wpcf7_container_post\" value=\"0\" \/><input type=\"hidden\" name=\"_wpcf7_posted_data_hash\" value=\"\" \/><input type=\"hidden\" name=\"_wpcf7_recaptcha_response\" value=\"\" \/>\n<\/fieldset>\n<div class=\"contact-form-wrapper\">\n\t<div class=\"container-r\">\n\t\t<div class=\"row\">\n\t\t\t<div class=\"col-md-12\">\n\t\t\t\t<p><span class=\"wpcf7-form-control-wrap\" data-name=\"your-company\"><input size=\"40\" maxlength=\"400\" class=\"wpcf7-form-control wpcf7-text\" aria-invalid=\"false\" placeholder=\"Uz\u0146\u0113mums\" value=\"\" type=\"text\" name=\"your-company\" \/><\/span>\n\t\t\t\t<\/p>\n\t\t\t<\/div>\n\t\t<\/div>\n\t\t<div class=\"row\">\n\t\t\t<div class=\"col-md-4\">\n\t\t\t\t<p><span class=\"wpcf7-form-control-wrap\" data-name=\"your-name\"><input size=\"40\" maxlength=\"400\" class=\"wpcf7-form-control wpcf7-text wpcf7-validates-as-required\" aria-required=\"true\" aria-invalid=\"false\" placeholder=\"V\u0101rds\" value=\"\" type=\"text\" name=\"your-name\" \/><\/span>\n\t\t\t\t<\/p>\n\t\t\t<\/div>\n\t\t\t<div class=\"col-md-4\">\n\t\t\t\t<p><span class=\"wpcf7-form-control-wrap\" data-name=\"your-email\"><input size=\"40\" maxlength=\"400\" class=\"wpcf7-form-control wpcf7-email wpcf7-validates-as-required wpcf7-text wpcf7-validates-as-email\" aria-required=\"true\" aria-invalid=\"false\" placeholder=\"E-pasts\" value=\"\" type=\"email\" name=\"your-email\" \/><\/span>\n\t\t\t\t<\/p>\n\t\t\t<\/div>\n\t\t\t<div class=\"col-md-4\">\n\t\t\t\t<p><span class=\"wpcf7-form-control-wrap\" data-name=\"your-phone\"><input size=\"40\" maxlength=\"400\" class=\"wpcf7-form-control wpcf7-text\" aria-invalid=\"false\" placeholder=\"T\u0101lrunis\" value=\"\" type=\"text\" name=\"your-phone\" \/><\/span>\n\t\t\t\t<\/p>\n\t\t\t<\/div>\n\t\t<\/div>\n\t\t<div class=\"row\">\n\t\t\t<div class=\"col-md-12\">\n\t\t\t\t<p><span class=\"wpcf7-form-control-wrap\" data-name=\"your-subject\"><textarea cols=\"40\" rows=\"10\" maxlength=\"2000\" class=\"wpcf7-form-control wpcf7-textarea wpcf7-validates-as-required\" aria-required=\"true\" aria-invalid=\"false\" placeholder=\"Zi\u0146ojums\" name=\"your-subject\"><\/textarea><\/span>\n\t\t\t\t<\/p>\n\t\t\t<\/div>\n\t\t<\/div>\n\t\t<div class=\"row\">\n\t\t\t<div class=\"col-md-12\">\n\t\t\t\t<p><input class=\"wpcf7-form-control wpcf7-submit has-spinner\" type=\"submit\" value=\"NOS\u016aT\u012aT\" \/>\n\t\t\t\t<\/p>\n\t\t\t<\/div>\n\t\t<\/div>\n\t<\/div>\n<\/div><div class=\"wpcf7-response-output\" aria-hidden=\"true\"><\/div>\n<\/form>\n<\/div>\n<\/div>\n\t\t\t\t\t\t<\/div>\n\t\t\t\t<\/div>\n\t\t\t\t\t<\/div>\n\t\t<\/div>\n\t\t\t\t\t<\/div>\n\t\t<\/section>\n\t\t\t\t<\/div>\n\t\t","protected":false},"excerpt":{"rendered":"<p>Franklin O\u00dc L\u00f5\u00f5tsa tn 1a, 11415Tallinn, Estonia T\u0101lr.:\u00a0(+372) 50 30 094 E-pasts: sales@donerkebab.ee<\/p>\n","protected":false},"author":1,"featured_media":0,"parent":0,"menu_order":0,"comment_status":"closed","ping_status":"closed","template":"","meta":{"footnotes":""},"class_list":["post-671","page","type-page","status-publish","hentry"],"yoast_head":"<!-- This site is optimized with the Yoast SEO plugin v25.4 - https:\/\/yoast.com\/wordpress\/plugins\/seo\/ -->\n<title>Kontakti - Franklin<\/title>\n<meta name=\"robots\" content=\"index, follow, max-snippet:-1, max-image-preview:large, max-video-preview:-1\" \/>\n<link rel=\"canonical\" href=\"https:\/\/donerkebab.ee\/lv\/kontakti\/\" \/>\n<meta property=\"og:locale\" content=\"lv_LV\" \/>\n<meta property=\"og:type\" content=\"article\" \/>\n<meta property=\"og:title\" content=\"Kontakti - Franklin\" \/>\n<meta property=\"og:description\" content=\"Franklin O\u00dc L\u00f5\u00f5tsa tn 1a, 11415Tallinn, Estonia T\u0101lr.:\u00a0(+372) 50 30 094 E-pasts: sales@donerkebab.ee\" \/>\n<meta property=\"og:url\" content=\"https:\/\/donerkebab.ee\/lv\/kontakti\/\" \/>\n<meta property=\"og:site_name\" content=\"Franklin\" \/>\n<meta property=\"article:modified_time\" content=\"2024-07-21T18:26:34+00:00\" \/>\n<meta name=\"twitter:card\" content=\"summary_large_image\" \/>\n<meta name=\"twitter:label1\" content=\"Est. reading time\" \/>\n\t<meta name=\"twitter:data1\" content=\"1 minute\" \/>\n<script type=\"application\/ld+json\" class=\"yoast-schema-graph\">{\"@context\":\"https:\/\/schema.org\",\"@graph\":[{\"@type\":\"WebPage\",\"@id\":\"https:\/\/donerkebab.ee\/lv\/kontakti\/\",\"url\":\"https:\/\/donerkebab.ee\/lv\/kontakti\/\",\"name\":\"Kontakti - Franklin\",\"isPartOf\":{\"@id\":\"https:\/\/donerkebab.ee\/#website\"},\"datePublished\":\"2023-08-01T19:52:55+00:00\",\"dateModified\":\"2024-07-21T18:26:34+00:00\",\"breadcrumb\":{\"@id\":\"https:\/\/donerkebab.ee\/lv\/kontakti\/#breadcrumb\"},\"inLanguage\":\"lv-LV\",\"potentialAction\":[{\"@type\":\"ReadAction\",\"target\":[\"https:\/\/donerkebab.ee\/lv\/kontakti\/\"]}]},{\"@type\":\"BreadcrumbList\",\"@id\":\"https:\/\/donerkebab.ee\/lv\/kontakti\/#breadcrumb\",\"itemListElement\":[{\"@type\":\"ListItem\",\"position\":1,\"name\":\"Home\",\"item\":\"https:\/\/donerkebab.ee\/\"},{\"@type\":\"ListItem\",\"position\":2,\"name\":\"Kontakti\"}]},{\"@type\":\"WebSite\",\"@id\":\"https:\/\/donerkebab.ee\/#website\",\"url\":\"https:\/\/donerkebab.ee\/\",\"name\":\"Franklin\",\"description\":\"\",\"potentialAction\":[{\"@type\":\"SearchAction\",\"target\":{\"@type\":\"EntryPoint\",\"urlTemplate\":\"https:\/\/donerkebab.ee\/?s={search_term_string}\"},\"query-input\":{\"@type\":\"PropertyValueSpecification\",\"valueRequired\":true,\"valueName\":\"search_term_string\"}}],\"inLanguage\":\"lv-LV\"}]}<\/script>\n<!-- \/ Yoast SEO plugin. -->","yoast_head_json":{"title":"Kontakti - Franklin","robots":{"index":"index","follow":"follow","max-snippet":"max-snippet:-1","max-image-preview":"max-image-preview:large","max-video-preview":"max-video-preview:-1"},"canonical":"https:\/\/donerkebab.ee\/lv\/kontakti\/","og_locale":"lv_LV","og_type":"article","og_title":"Kontakti - Franklin","og_description":"Franklin O\u00dc L\u00f5\u00f5tsa tn 1a, 11415Tallinn, Estonia T\u0101lr.:\u00a0(+372) 50 30 094 E-pasts: sales@donerkebab.ee","og_url":"https:\/\/donerkebab.ee\/lv\/kontakti\/","og_site_name":"Franklin","article_modified_time":"2024-07-21T18:26:34+00:00","twitter_card":"summary_large_image","twitter_misc":{"Est. reading time":"1 minute"},"schema":{"@context":"https:\/\/schema.org","@graph":[{"@type":"WebPage","@id":"https:\/\/donerkebab.ee\/lv\/kontakti\/","url":"https:\/\/donerkebab.ee\/lv\/kontakti\/","name":"Kontakti - Franklin","isPartOf":{"@id":"https:\/\/donerkebab.ee\/#website"},"datePublished":"2023-08-01T19:52:55+00:00","dateModified":"2024-07-21T18:26:34+00:00","breadcrumb":{"@id":"https:\/\/donerkebab.ee\/lv\/kontakti\/#breadcrumb"},"inLanguage":"lv-LV","potentialAction":[{"@type":"ReadAction","target":["https:\/\/donerkebab.ee\/lv\/kontakti\/"]}]},{"@type":"BreadcrumbList","@id":"https:\/\/donerkebab.ee\/lv\/kontakti\/#breadcrumb","itemListElement":[{"@type":"ListItem","position":1,"name":"Home","item":"https:\/\/donerkebab.ee\/"},{"@type":"ListItem","position":2,"name":"Kontakti"}]},{"@type":"WebSite","@id":"https:\/\/donerkebab.ee\/#website","url":"https:\/\/donerkebab.ee\/","name":"Franklin","description":"","potentialAction":[{"@type":"SearchAction","target":{"@type":"EntryPoint","urlTemplate":"https:\/\/donerkebab.ee\/?s={search_term_string}"},"query-input":{"@type":"PropertyValueSpecification","valueRequired":true,"valueName":"search_term_string"}}],"inLanguage":"lv-LV"}]}},"_links":{"self":[{"href":"https:\/\/donerkebab.ee\/lv\/wp-json\/wp\/v2\/pages\/671","targetHints":{"allow":["GET"]}}],"collection":[{"href":"https:\/\/donerkebab.ee\/lv\/wp-json\/wp\/v2\/pages"}],"about":[{"href":"https:\/\/donerkebab.ee\/lv\/wp-json\/wp\/v2\/types\/page"}],"author":[{"embeddable":true,"href":"https:\/\/donerkebab.ee\/lv\/wp-json\/wp\/v2\/users\/1"}],"replies":[{"embeddable":true,"href":"https:\/\/donerkebab.ee\/lv\/wp-json\/wp\/v2\/comments?post=671"}],"version-history":[{"count":4,"href":"https:\/\/donerkebab.ee\/lv\/wp-json\/wp\/v2\/pages\/671\/revisions"}],"predecessor-version":[{"id":1011,"href":"https:\/\/donerkebab.ee\/lv\/wp-json\/wp\/v2\/pages\/671\/revisions\/1011"}],"wp:attachment":[{"href":"https:\/\/donerkebab.ee\/lv\/wp-json\/wp\/v2\/media?parent=671"}],"curies":[{"name":"wp","href":"https:\/\/api.w.org\/{rel}","templated":true}]}}