{"id":393,"date":"2023-08-01T19:52:33","date_gmt":"2023-08-01T19:52:33","guid":{"rendered":"https:\/\/donerkebab.ee\/produkty\/"},"modified":"2023-08-02T19:23:01","modified_gmt":"2023-08-02T19:23:01","slug":"produkty","status":"publish","type":"page","link":"https:\/\/donerkebab.ee\/pl\/produkty\/","title":{"rendered":"PRODUKTY"},"content":{"rendered":"\t\t<div data-elementor-type=\"wp-page\" data-elementor-id=\"393\" class=\"elementor elementor-393 elementor-24\">\n\t\t\t\t\t\t<section class=\"elementor-section elementor-top-section elementor-element elementor-element-ecaa54a elementor-section-boxed elementor-section-height-default elementor-section-height-default\" data-id=\"ecaa54a\" data-element_type=\"section\">\n\t\t\t\t\t\t<div class=\"elementor-container elementor-column-gap-default\">\n\t\t\t\t\t<div class=\"elementor-column elementor-col-50 elementor-top-column elementor-element elementor-element-9c20d9b elementor-hidden-tablet elementor-hidden-mobile\" data-id=\"9c20d9b\" data-element_type=\"column\">\n\t\t\t<div class=\"elementor-widget-wrap elementor-element-populated\">\n\t\t\t\t\t\t<div class=\"elementor-element elementor-element-30e8ec5 elementor-widget elementor-widget-shortcode\" data-id=\"30e8ec5\" data-element_type=\"widget\" data-widget_type=\"shortcode.default\">\n\t\t\t\t<div class=\"elementor-widget-container\">\n\t\t\t\t\t\t\t<div class=\"elementor-shortcode\">\r\n<div class=\"shortcode-child-pages\">\r\n    <ul>\r\n    <br \/>\n<b>Warning<\/b>:  Attempt to read property \"post_parent\" on null in <b>\/data01\/virt114042\/domeenid\/www.donerkebab.ee\/htdocs\/wp-content\/themes\/bestmeatexpress\/inc\/templates\/shortcode\/child-pages.php<\/b> on line <b>7<\/b><br \/>\n<br \/>\n<b>Warning<\/b>:  Attempt to read property \"ID\" on null in <b>\/data01\/virt114042\/domeenid\/www.donerkebab.ee\/htdocs\/wp-content\/themes\/bestmeatexpress\/inc\/templates\/shortcode\/child-pages.php<\/b> on line <b>7<\/b><br \/>\n<li class=\"page_item page-item-1192\"><a href=\"https:\/\/donerkebab.ee\/pl\/blog\/\">Blog<\/a><\/li>\n<li class=\"page_item page-item-424\"><a href=\"https:\/\/donerkebab.ee\/pl\/kontakt\/\">KONTAKT<\/a><\/li>\n<li class=\"page_item page-item-426\"><a href=\"https:\/\/donerkebab.ee\/pl\/o-nas\/\">O NAS<\/a><\/li>\n<li class=\"page_item page-item-393 page_item_has_children\"><a href=\"https:\/\/donerkebab.ee\/pl\/produkty\/\">PRODUKTY<\/a>\n<ul class='children'>\n\t<li class=\"page_item page-item-413\"><a href=\"https:\/\/donerkebab.ee\/pl\/produkty\/maszyny\/\">MASZYNY<\/a><\/li>\n\t<li class=\"page_item page-item-399\"><a href=\"https:\/\/donerkebab.ee\/pl\/produkty\/mieso-drobiowe\/\">MI\u0118SO DROBIOWE<\/a><\/li>\n\t<li class=\"page_item page-item-406\"><a href=\"https:\/\/donerkebab.ee\/pl\/produkty\/mieso-wolowe\/\">MI\u0118SO WO\u0141OWE<\/a><\/li>\n<\/ul>\n<\/li>\n<li class=\"page_item page-item-384\"><a href=\"https:\/\/donerkebab.ee\/pl\/\">STRONA G\u0141\u00d3WNA<\/a><\/li>\n<li class=\"page_item page-item-418\"><a href=\"https:\/\/donerkebab.ee\/pl\/uslugi\/\">US\u0141UGI<\/a><\/li>\n    <\/ul>\r\n<\/div>\r\n<\/div>\n\t\t\t\t\t\t<\/div>\n\t\t\t\t<\/div>\n\t\t\t\t\t<\/div>\n\t\t<\/div>\n\t\t\t\t<div class=\"elementor-column elementor-col-50 elementor-top-column elementor-element elementor-element-13beb2f\" data-id=\"13beb2f\" data-element_type=\"column\">\n\t\t\t<div class=\"elementor-widget-wrap elementor-element-populated\">\n\t\t\t\t\t\t<div class=\"elementor-element elementor-element-47dccac elementor-widget__width-initial elementor-widget elementor-widget-text-editor\" data-id=\"47dccac\" data-element_type=\"widget\" data-widget_type=\"text-editor.default\">\n\t\t\t\t<div class=\"elementor-widget-container\">\n\t\t\t\t\t\t\t\t\t<div class=\"wrap\"><div class=\"page-content\"><p>Nasza oferta zawiera g\u0142\u00f3wnie r\u00f3\u017cne mi\u0119sa <strong>g\u0142\u0119boko mro\u017cone<\/strong>.<\/p><p>Opr\u00f3cz sprzeda\u017cy hurtowej \u015bwiadczymy wysokiej jako\u015bci us\u0142ugi <strong>transportu i logistyki towar\u00f3w wymagaj\u0105cych specjaln\u0105 temperatur\u0119 (od -18 \u00b0C do -20 \u00b0C).<\/strong><\/p><p>Je\u015bli pragn\u0105 Pa\u0144stwo uzyska\u0107 wi\u0119cej informacji lub konkretn\u0105 ofert\u0119 cenow\u0105, prosimy o kontakt z nami (zobacz &#8222;Kontakt&#8221;).<\/p><\/div><\/div>\t\t\t\t\t\t\t\t<\/div>\n\t\t\t\t<\/div>\n\t\t\t\t\t<\/div>\n\t\t<\/div>\n\t\t\t\t\t<\/div>\n\t\t<\/section>\n\t\t\t\t<\/div>\n\t\t","protected":false},"excerpt":{"rendered":"<p>Nasza oferta zawiera g\u0142\u00f3wnie r\u00f3\u017cne mi\u0119sa g\u0142\u0119boko mro\u017cone. Opr\u00f3cz sprzeda\u017cy hurtowej \u015bwiadczymy wysokiej jako\u015bci us\u0142ugi transportu i logistyki towar\u00f3w wymagaj\u0105cych specjaln\u0105 temperatur\u0119 (od -18 \u00b0C do -20 \u00b0C). Je\u015bli pragn\u0105 Pa\u0144stwo uzyska\u0107 wi\u0119cej informacji lub konkretn\u0105 ofert\u0119 cenow\u0105, prosimy o kontakt z nami (zobacz &#8222;Kontakt&#8221;).<\/p>\n","protected":false},"author":1,"featured_media":0,"parent":0,"menu_order":0,"comment_status":"closed","ping_status":"closed","template":"","meta":{"footnotes":""},"class_list":["post-393","page","type-page","status-publish","hentry"],"yoast_head":"<!-- This site is optimized with the Yoast SEO plugin v25.4 - https:\/\/yoast.com\/wordpress\/plugins\/seo\/ -->\n<title>PRODUKTY - Franklin<\/title>\n<meta name=\"robots\" content=\"index, follow, max-snippet:-1, max-image-preview:large, max-video-preview:-1\" \/>\n<link rel=\"canonical\" href=\"https:\/\/donerkebab.ee\/products\/\" \/>\n<meta property=\"og:locale\" content=\"pl_PL\" \/>\n<meta property=\"og:type\" content=\"article\" \/>\n<meta property=\"og:title\" content=\"PRODUKTY - Franklin\" \/>\n<meta property=\"og:description\" content=\"Nasza oferta zawiera g\u0142\u00f3wnie r\u00f3\u017cne mi\u0119sa g\u0142\u0119boko mro\u017cone. Opr\u00f3cz sprzeda\u017cy hurtowej \u015bwiadczymy wysokiej jako\u015bci us\u0142ugi transportu i logistyki towar\u00f3w wymagaj\u0105cych specjaln\u0105 temperatur\u0119 (od -18 \u00b0C do -20 \u00b0C). Je\u015bli pragn\u0105 Pa\u0144stwo uzyska\u0107 wi\u0119cej informacji lub konkretn\u0105 ofert\u0119 cenow\u0105, prosimy o kontakt z nami (zobacz &#8222;Kontakt&#8221;).\" \/>\n<meta property=\"og:url\" content=\"https:\/\/donerkebab.ee\/products\/\" \/>\n<meta property=\"og:site_name\" content=\"Franklin\" \/>\n<meta property=\"article:modified_time\" content=\"2023-08-02T19:23:01+00:00\" \/>\n<meta name=\"twitter:card\" content=\"summary_large_image\" \/>\n<script type=\"application\/ld+json\" class=\"yoast-schema-graph\">{\"@context\":\"https:\/\/schema.org\",\"@graph\":[{\"@type\":\"WebPage\",\"@id\":\"https:\/\/donerkebab.ee\/products\/\",\"url\":\"https:\/\/donerkebab.ee\/products\/\",\"name\":\"PRODUKTY - Franklin\",\"isPartOf\":{\"@id\":\"https:\/\/donerkebab.ee\/#website\"},\"datePublished\":\"2023-08-01T19:52:33+00:00\",\"dateModified\":\"2023-08-02T19:23:01+00:00\",\"breadcrumb\":{\"@id\":\"https:\/\/donerkebab.ee\/products\/#breadcrumb\"},\"inLanguage\":\"pl-PL\",\"potentialAction\":[{\"@type\":\"ReadAction\",\"target\":[\"https:\/\/donerkebab.ee\/products\/\"]}]},{\"@type\":\"BreadcrumbList\",\"@id\":\"https:\/\/donerkebab.ee\/products\/#breadcrumb\",\"itemListElement\":[{\"@type\":\"ListItem\",\"position\":1,\"name\":\"Home\",\"item\":\"https:\/\/donerkebab.ee\/\"},{\"@type\":\"ListItem\",\"position\":2,\"name\":\"PRODUKTY\"}]},{\"@type\":\"WebSite\",\"@id\":\"https:\/\/donerkebab.ee\/#website\",\"url\":\"https:\/\/donerkebab.ee\/\",\"name\":\"Franklin\",\"description\":\"\",\"potentialAction\":[{\"@type\":\"SearchAction\",\"target\":{\"@type\":\"EntryPoint\",\"urlTemplate\":\"https:\/\/donerkebab.ee\/?s={search_term_string}\"},\"query-input\":{\"@type\":\"PropertyValueSpecification\",\"valueRequired\":true,\"valueName\":\"search_term_string\"}}],\"inLanguage\":\"pl-PL\"}]}<\/script>\n<!-- \/ Yoast SEO plugin. -->","yoast_head_json":{"title":"PRODUKTY - Franklin","robots":{"index":"index","follow":"follow","max-snippet":"max-snippet:-1","max-image-preview":"max-image-preview:large","max-video-preview":"max-video-preview:-1"},"canonical":"https:\/\/donerkebab.ee\/products\/","og_locale":"pl_PL","og_type":"article","og_title":"PRODUKTY - Franklin","og_description":"Nasza oferta zawiera g\u0142\u00f3wnie r\u00f3\u017cne mi\u0119sa g\u0142\u0119boko mro\u017cone. Opr\u00f3cz sprzeda\u017cy hurtowej \u015bwiadczymy wysokiej jako\u015bci us\u0142ugi transportu i logistyki towar\u00f3w wymagaj\u0105cych specjaln\u0105 temperatur\u0119 (od -18 \u00b0C do -20 \u00b0C). Je\u015bli pragn\u0105 Pa\u0144stwo uzyska\u0107 wi\u0119cej informacji lub konkretn\u0105 ofert\u0119 cenow\u0105, prosimy o kontakt z nami (zobacz &#8222;Kontakt&#8221;).","og_url":"https:\/\/donerkebab.ee\/products\/","og_site_name":"Franklin","article_modified_time":"2023-08-02T19:23:01+00:00","twitter_card":"summary_large_image","schema":{"@context":"https:\/\/schema.org","@graph":[{"@type":"WebPage","@id":"https:\/\/donerkebab.ee\/products\/","url":"https:\/\/donerkebab.ee\/products\/","name":"PRODUKTY - Franklin","isPartOf":{"@id":"https:\/\/donerkebab.ee\/#website"},"datePublished":"2023-08-01T19:52:33+00:00","dateModified":"2023-08-02T19:23:01+00:00","breadcrumb":{"@id":"https:\/\/donerkebab.ee\/products\/#breadcrumb"},"inLanguage":"pl-PL","potentialAction":[{"@type":"ReadAction","target":["https:\/\/donerkebab.ee\/products\/"]}]},{"@type":"BreadcrumbList","@id":"https:\/\/donerkebab.ee\/products\/#breadcrumb","itemListElement":[{"@type":"ListItem","position":1,"name":"Home","item":"https:\/\/donerkebab.ee\/"},{"@type":"ListItem","position":2,"name":"PRODUKTY"}]},{"@type":"WebSite","@id":"https:\/\/donerkebab.ee\/#website","url":"https:\/\/donerkebab.ee\/","name":"Franklin","description":"","potentialAction":[{"@type":"SearchAction","target":{"@type":"EntryPoint","urlTemplate":"https:\/\/donerkebab.ee\/?s={search_term_string}"},"query-input":{"@type":"PropertyValueSpecification","valueRequired":true,"valueName":"search_term_string"}}],"inLanguage":"pl-PL"}]}},"_links":{"self":[{"href":"https:\/\/donerkebab.ee\/pl\/wp-json\/wp\/v2\/pages\/393","targetHints":{"allow":["GET"]}}],"collection":[{"href":"https:\/\/donerkebab.ee\/pl\/wp-json\/wp\/v2\/pages"}],"about":[{"href":"https:\/\/donerkebab.ee\/pl\/wp-json\/wp\/v2\/types\/page"}],"author":[{"embeddable":true,"href":"https:\/\/donerkebab.ee\/pl\/wp-json\/wp\/v2\/users\/1"}],"replies":[{"embeddable":true,"href":"https:\/\/donerkebab.ee\/pl\/wp-json\/wp\/v2\/comments?post=393"}],"version-history":[{"count":4,"href":"https:\/\/donerkebab.ee\/pl\/wp-json\/wp\/v2\/pages\/393\/revisions"}],"predecessor-version":[{"id":398,"href":"https:\/\/donerkebab.ee\/pl\/wp-json\/wp\/v2\/pages\/393\/revisions\/398"}],"wp:attachment":[{"href":"https:\/\/donerkebab.ee\/pl\/wp-json\/wp\/v2\/media?parent=393"}],"curies":[{"name":"wp","href":"https:\/\/api.w.org\/{rel}","templated":true}]}}