{"id":426,"date":"2023-08-01T19:52:49","date_gmt":"2023-08-01T19:52:49","guid":{"rendered":"https:\/\/donerkebab.ee\/o-nas\/"},"modified":"2023-08-02T19:31:15","modified_gmt":"2023-08-02T19:31:15","slug":"o-nas","status":"publish","type":"page","link":"https:\/\/donerkebab.ee\/pl\/o-nas\/","title":{"rendered":"O NAS"},"content":{"rendered":"\t\t<div data-elementor-type=\"wp-page\" data-elementor-id=\"426\" class=\"elementor elementor-426 elementor-30\">\n\t\t\t\t\t\t<section class=\"elementor-section elementor-top-section elementor-element elementor-element-a4a75c9 elementor-section-boxed elementor-section-height-default elementor-section-height-default\" data-id=\"a4a75c9\" data-element_type=\"section\">\n\t\t\t\t\t\t<div class=\"elementor-container elementor-column-gap-default\">\n\t\t\t\t\t<div class=\"elementor-column elementor-col-50 elementor-top-column elementor-element elementor-element-95c03d0\" data-id=\"95c03d0\" data-element_type=\"column\">\n\t\t\t<div class=\"elementor-widget-wrap elementor-element-populated\">\n\t\t\t\t\t\t<div class=\"elementor-element elementor-element-072772f elementor-widget elementor-widget-text-editor\" data-id=\"072772f\" data-element_type=\"widget\" data-widget_type=\"text-editor.default\">\n\t\t\t\t<div class=\"elementor-widget-container\">\n\t\t\t\t\t\t\t\t\t<p>Celem firmy jest oferowanie swoim klientom wysokiej jako\u015bci i pyszne mi\u0119sa i produkty mi\u0119sne. Firma specjalizuje si\u0119 w mro\u017conych produktach mi\u0119snych spe\u0142niaj\u0105cych mi\u0119dzynarodowe normy oraz posiada wieloletnie do\u015bwiadczenie w obs\u0142udze jako\u015b\u0107i i transporcie \u017cywno\u015bci, a tak\u017ce g\u0142\u0119bok\u0105 wiedz\u0119 personelu w zakresie nowoczesnych technologii zachowania \u015bwie\u017co\u015bci mi\u0119sa, co daje klientom gwarancj\u0119 bycia wiarygodnym partnerem. Nasz cel stanowi bycie wiarygodnym partnerem dla klient\u00f3w, a tak\u017ce promocja, we wsp\u00f3\u0142pracy, zdrowego stylu \u017cycia. Jeste\u015bmy niewielk\u0105 firm\u0105, kt\u00f3ra podchodzi do swojego klienta indywidualnie i pr\u00f3buje znale\u017a\u0107 dobre rozwi\u0105zania zgodnie z potrzebami klienta.<\/p><p>Struktura w\u0142asnej logistyki transportu zapewnia \u015bcis\u0142e przestrzeganie umownych termin\u00f3w dostawy dostarczanych towar\u00f3w.<\/p>\t\t\t\t\t\t\t\t<\/div>\n\t\t\t\t<\/div>\n\t\t\t\t\t<\/div>\n\t\t<\/div>\n\t\t\t\t<div class=\"elementor-column elementor-col-50 elementor-top-column elementor-element elementor-element-65dfb08\" data-id=\"65dfb08\" data-element_type=\"column\">\n\t\t\t<div class=\"elementor-widget-wrap elementor-element-populated\">\n\t\t\t\t\t\t<div class=\"elementor-element elementor-element-a19794c elementor-widget__width-initial elementor-widget elementor-widget-image\" data-id=\"a19794c\" data-element_type=\"widget\" data-widget_type=\"image.default\">\n\t\t\t\t<div class=\"elementor-widget-container\">\n\t\t\t\t\t\t\t\t\t\t\t\t\t\t\t<img fetchpriority=\"high\" decoding=\"async\" width=\"300\" height=\"266\" src=\"https:\/\/donerkebab.ee\/wp-content\/uploads\/2023\/08\/auto.jpg\" class=\"attachment-large size-large wp-image-261\" alt=\"\" \/>\t\t\t\t\t\t\t\t\t\t\t\t\t\t\t<\/div>\n\t\t\t\t<\/div>\n\t\t\t\t\t<\/div>\n\t\t<\/div>\n\t\t\t\t\t<\/div>\n\t\t<\/section>\n\t\t\t\t<\/div>\n\t\t","protected":false},"excerpt":{"rendered":"<p>Celem firmy jest oferowanie swoim klientom wysokiej jako\u015bci i pyszne mi\u0119sa i produkty mi\u0119sne. Firma specjalizuje si\u0119 w mro\u017conych produktach mi\u0119snych spe\u0142niaj\u0105cych mi\u0119dzynarodowe normy oraz posiada wieloletnie do\u015bwiadczenie w obs\u0142udze jako\u015b\u0107i i transporcie \u017cywno\u015bci, a tak\u017ce g\u0142\u0119bok\u0105 wiedz\u0119 personelu w zakresie nowoczesnych technologii zachowania \u015bwie\u017co\u015bci mi\u0119sa, co daje klientom gwarancj\u0119 bycia wiarygodnym partnerem. Nasz cel [&hellip;]<\/p>\n","protected":false},"author":1,"featured_media":0,"parent":0,"menu_order":0,"comment_status":"closed","ping_status":"closed","template":"","meta":{"footnotes":""},"class_list":["post-426","page","type-page","status-publish","hentry"],"yoast_head":"<!-- This site is optimized with the Yoast SEO plugin v25.4 - https:\/\/yoast.com\/wordpress\/plugins\/seo\/ -->\n<title>O NAS - Franklin<\/title>\n<meta name=\"robots\" content=\"index, follow, max-snippet:-1, max-image-preview:large, max-video-preview:-1\" \/>\n<link rel=\"canonical\" href=\"https:\/\/donerkebab.ee\/pl\/o-nas\/\" \/>\n<meta property=\"og:locale\" content=\"pl_PL\" \/>\n<meta property=\"og:type\" content=\"article\" \/>\n<meta property=\"og:title\" content=\"O NAS - Franklin\" \/>\n<meta property=\"og:description\" content=\"Celem firmy jest oferowanie swoim klientom wysokiej jako\u015bci i pyszne mi\u0119sa i produkty mi\u0119sne. Firma specjalizuje si\u0119 w mro\u017conych produktach mi\u0119snych spe\u0142niaj\u0105cych mi\u0119dzynarodowe normy oraz posiada wieloletnie do\u015bwiadczenie w obs\u0142udze jako\u015b\u0107i i transporcie \u017cywno\u015bci, a tak\u017ce g\u0142\u0119bok\u0105 wiedz\u0119 personelu w zakresie nowoczesnych technologii zachowania \u015bwie\u017co\u015bci mi\u0119sa, co daje klientom gwarancj\u0119 bycia wiarygodnym partnerem. Nasz cel [&hellip;]\" \/>\n<meta property=\"og:url\" content=\"https:\/\/donerkebab.ee\/pl\/o-nas\/\" \/>\n<meta property=\"og:site_name\" content=\"Franklin\" \/>\n<meta property=\"article:modified_time\" content=\"2023-08-02T19:31:15+00:00\" \/>\n<meta property=\"og:image\" content=\"https:\/\/donerkebab.ee\/wp-content\/uploads\/2023\/08\/auto.jpg\" \/>\n<meta name=\"twitter:card\" content=\"summary_large_image\" \/>\n<meta name=\"twitter:label1\" content=\"Szacowany czas czytania\" \/>\n\t<meta name=\"twitter:data1\" content=\"1 minuta\" \/>\n<script type=\"application\/ld+json\" class=\"yoast-schema-graph\">{\"@context\":\"https:\/\/schema.org\",\"@graph\":[{\"@type\":\"WebPage\",\"@id\":\"https:\/\/donerkebab.ee\/pl\/o-nas\/\",\"url\":\"https:\/\/donerkebab.ee\/pl\/o-nas\/\",\"name\":\"O NAS - Franklin\",\"isPartOf\":{\"@id\":\"https:\/\/donerkebab.ee\/#website\"},\"primaryImageOfPage\":{\"@id\":\"https:\/\/donerkebab.ee\/pl\/o-nas\/#primaryimage\"},\"image\":{\"@id\":\"https:\/\/donerkebab.ee\/pl\/o-nas\/#primaryimage\"},\"thumbnailUrl\":\"https:\/\/donerkebab.ee\/wp-content\/uploads\/2023\/08\/auto.jpg\",\"datePublished\":\"2023-08-01T19:52:49+00:00\",\"dateModified\":\"2023-08-02T19:31:15+00:00\",\"breadcrumb\":{\"@id\":\"https:\/\/donerkebab.ee\/pl\/o-nas\/#breadcrumb\"},\"inLanguage\":\"pl-PL\",\"potentialAction\":[{\"@type\":\"ReadAction\",\"target\":[\"https:\/\/donerkebab.ee\/pl\/o-nas\/\"]}]},{\"@type\":\"ImageObject\",\"inLanguage\":\"pl-PL\",\"@id\":\"https:\/\/donerkebab.ee\/pl\/o-nas\/#primaryimage\",\"url\":\"https:\/\/donerkebab.ee\/wp-content\/uploads\/2023\/08\/auto.jpg\",\"contentUrl\":\"https:\/\/donerkebab.ee\/wp-content\/uploads\/2023\/08\/auto.jpg\"},{\"@type\":\"BreadcrumbList\",\"@id\":\"https:\/\/donerkebab.ee\/pl\/o-nas\/#breadcrumb\",\"itemListElement\":[{\"@type\":\"ListItem\",\"position\":1,\"name\":\"Home\",\"item\":\"https:\/\/donerkebab.ee\/\"},{\"@type\":\"ListItem\",\"position\":2,\"name\":\"O NAS\"}]},{\"@type\":\"WebSite\",\"@id\":\"https:\/\/donerkebab.ee\/#website\",\"url\":\"https:\/\/donerkebab.ee\/\",\"name\":\"Franklin\",\"description\":\"\",\"potentialAction\":[{\"@type\":\"SearchAction\",\"target\":{\"@type\":\"EntryPoint\",\"urlTemplate\":\"https:\/\/donerkebab.ee\/?s={search_term_string}\"},\"query-input\":{\"@type\":\"PropertyValueSpecification\",\"valueRequired\":true,\"valueName\":\"search_term_string\"}}],\"inLanguage\":\"pl-PL\"}]}<\/script>\n<!-- \/ Yoast SEO plugin. -->","yoast_head_json":{"title":"O NAS - Franklin","robots":{"index":"index","follow":"follow","max-snippet":"max-snippet:-1","max-image-preview":"max-image-preview:large","max-video-preview":"max-video-preview:-1"},"canonical":"https:\/\/donerkebab.ee\/pl\/o-nas\/","og_locale":"pl_PL","og_type":"article","og_title":"O NAS - Franklin","og_description":"Celem firmy jest oferowanie swoim klientom wysokiej jako\u015bci i pyszne mi\u0119sa i produkty mi\u0119sne. Firma specjalizuje si\u0119 w mro\u017conych produktach mi\u0119snych spe\u0142niaj\u0105cych mi\u0119dzynarodowe normy oraz posiada wieloletnie do\u015bwiadczenie w obs\u0142udze jako\u015b\u0107i i transporcie \u017cywno\u015bci, a tak\u017ce g\u0142\u0119bok\u0105 wiedz\u0119 personelu w zakresie nowoczesnych technologii zachowania \u015bwie\u017co\u015bci mi\u0119sa, co daje klientom gwarancj\u0119 bycia wiarygodnym partnerem. Nasz cel [&hellip;]","og_url":"https:\/\/donerkebab.ee\/pl\/o-nas\/","og_site_name":"Franklin","article_modified_time":"2023-08-02T19:31:15+00:00","og_image":[{"url":"https:\/\/donerkebab.ee\/wp-content\/uploads\/2023\/08\/auto.jpg","type":"","width":"","height":""}],"twitter_card":"summary_large_image","twitter_misc":{"Szacowany czas czytania":"1 minuta"},"schema":{"@context":"https:\/\/schema.org","@graph":[{"@type":"WebPage","@id":"https:\/\/donerkebab.ee\/pl\/o-nas\/","url":"https:\/\/donerkebab.ee\/pl\/o-nas\/","name":"O NAS - Franklin","isPartOf":{"@id":"https:\/\/donerkebab.ee\/#website"},"primaryImageOfPage":{"@id":"https:\/\/donerkebab.ee\/pl\/o-nas\/#primaryimage"},"image":{"@id":"https:\/\/donerkebab.ee\/pl\/o-nas\/#primaryimage"},"thumbnailUrl":"https:\/\/donerkebab.ee\/wp-content\/uploads\/2023\/08\/auto.jpg","datePublished":"2023-08-01T19:52:49+00:00","dateModified":"2023-08-02T19:31:15+00:00","breadcrumb":{"@id":"https:\/\/donerkebab.ee\/pl\/o-nas\/#breadcrumb"},"inLanguage":"pl-PL","potentialAction":[{"@type":"ReadAction","target":["https:\/\/donerkebab.ee\/pl\/o-nas\/"]}]},{"@type":"ImageObject","inLanguage":"pl-PL","@id":"https:\/\/donerkebab.ee\/pl\/o-nas\/#primaryimage","url":"https:\/\/donerkebab.ee\/wp-content\/uploads\/2023\/08\/auto.jpg","contentUrl":"https:\/\/donerkebab.ee\/wp-content\/uploads\/2023\/08\/auto.jpg"},{"@type":"BreadcrumbList","@id":"https:\/\/donerkebab.ee\/pl\/o-nas\/#breadcrumb","itemListElement":[{"@type":"ListItem","position":1,"name":"Home","item":"https:\/\/donerkebab.ee\/"},{"@type":"ListItem","position":2,"name":"O NAS"}]},{"@type":"WebSite","@id":"https:\/\/donerkebab.ee\/#website","url":"https:\/\/donerkebab.ee\/","name":"Franklin","description":"","potentialAction":[{"@type":"SearchAction","target":{"@type":"EntryPoint","urlTemplate":"https:\/\/donerkebab.ee\/?s={search_term_string}"},"query-input":{"@type":"PropertyValueSpecification","valueRequired":true,"valueName":"search_term_string"}}],"inLanguage":"pl-PL"}]}},"_links":{"self":[{"href":"https:\/\/donerkebab.ee\/pl\/wp-json\/wp\/v2\/pages\/426","targetHints":{"allow":["GET"]}}],"collection":[{"href":"https:\/\/donerkebab.ee\/pl\/wp-json\/wp\/v2\/pages"}],"about":[{"href":"https:\/\/donerkebab.ee\/pl\/wp-json\/wp\/v2\/types\/page"}],"author":[{"embeddable":true,"href":"https:\/\/donerkebab.ee\/pl\/wp-json\/wp\/v2\/users\/1"}],"replies":[{"embeddable":true,"href":"https:\/\/donerkebab.ee\/pl\/wp-json\/wp\/v2\/comments?post=426"}],"version-history":[{"count":4,"href":"https:\/\/donerkebab.ee\/pl\/wp-json\/wp\/v2\/pages\/426\/revisions"}],"predecessor-version":[{"id":430,"href":"https:\/\/donerkebab.ee\/pl\/wp-json\/wp\/v2\/pages\/426\/revisions\/430"}],"wp:attachment":[{"href":"https:\/\/donerkebab.ee\/pl\/wp-json\/wp\/v2\/media?parent=426"}],"curies":[{"name":"wp","href":"https:\/\/api.w.org\/{rel}","templated":true}]}}