{"id":942,"date":"2023-08-01T19:52:33","date_gmt":"2023-08-01T19:52:33","guid":{"rendered":"https:\/\/donerkebab.ee\/produkter\/"},"modified":"2023-10-09T18:01:05","modified_gmt":"2023-10-09T18:01:05","slug":"produkter","status":"publish","type":"page","link":"https:\/\/donerkebab.ee\/sv\/produkter\/","title":{"rendered":"PRODUKTER"},"content":{"rendered":"\t\t<div data-elementor-type=\"wp-page\" data-elementor-id=\"942\" class=\"elementor elementor-942 elementor-24\">\n\t\t\t\t\t\t<section class=\"elementor-section elementor-top-section elementor-element elementor-element-ecaa54a elementor-section-boxed elementor-section-height-default elementor-section-height-default\" data-id=\"ecaa54a\" data-element_type=\"section\">\n\t\t\t\t\t\t<div class=\"elementor-container elementor-column-gap-default\">\n\t\t\t\t\t<div class=\"elementor-column elementor-col-50 elementor-top-column elementor-element elementor-element-9c20d9b elementor-hidden-tablet elementor-hidden-mobile\" data-id=\"9c20d9b\" data-element_type=\"column\">\n\t\t\t<div class=\"elementor-widget-wrap elementor-element-populated\">\n\t\t\t\t\t\t<div class=\"elementor-element elementor-element-30e8ec5 elementor-widget elementor-widget-shortcode\" data-id=\"30e8ec5\" data-element_type=\"widget\" data-widget_type=\"shortcode.default\">\n\t\t\t\t<div class=\"elementor-widget-container\">\n\t\t\t\t\t\t\t<div class=\"elementor-shortcode\">\r\n<div class=\"shortcode-child-pages\">\r\n    <ul>\r\n    <br \/>\n<b>Warning<\/b>:  Attempt to read property \"post_parent\" on null in <b>\/data01\/virt114042\/domeenid\/www.donerkebab.ee\/htdocs\/wp-content\/themes\/bestmeatexpress\/inc\/templates\/shortcode\/child-pages.php<\/b> on line <b>7<\/b><br \/>\n<br \/>\n<b>Warning<\/b>:  Attempt to read property \"ID\" on null in <b>\/data01\/virt114042\/domeenid\/www.donerkebab.ee\/htdocs\/wp-content\/themes\/bestmeatexpress\/inc\/templates\/shortcode\/child-pages.php<\/b> on line <b>7<\/b><br \/>\n<li class=\"page_item page-item-1194\"><a href=\"https:\/\/donerkebab.ee\/sv\/blogg\/\">Blogg<\/a><\/li>\n<li class=\"page_item page-item-940\"><a href=\"https:\/\/donerkebab.ee\/sv\/\">Hem<\/a><\/li>\n<li class=\"page_item page-item-954\"><a href=\"https:\/\/donerkebab.ee\/sv\/kontakt\/\">KONTAKT<\/a><\/li>\n<li class=\"page_item page-item-952\"><a href=\"https:\/\/donerkebab.ee\/sv\/om-oss\/\">OM OSS<\/a><\/li>\n<li class=\"page_item page-item-942 page_item_has_children\"><a href=\"https:\/\/donerkebab.ee\/sv\/produkter\/\">PRODUKTER<\/a>\n<ul class='children'>\n\t<li class=\"page_item page-item-946\"><a href=\"https:\/\/donerkebab.ee\/sv\/produkter\/kyckling\/\">Kyckling<\/a><\/li>\n\t<li class=\"page_item page-item-948\"><a href=\"https:\/\/donerkebab.ee\/sv\/produkter\/maskiner\/\">MASKINER<\/a><\/li>\n\t<li class=\"page_item page-item-944\"><a href=\"https:\/\/donerkebab.ee\/sv\/produkter\/notkott\/\">N\u00f6tk\u00f6tt<\/a><\/li>\n<\/ul>\n<\/li>\n<li class=\"page_item page-item-950\"><a href=\"https:\/\/donerkebab.ee\/sv\/tjanster\/\">TJ\u00c4NSTER<\/a><\/li>\n    <\/ul>\r\n<\/div>\r\n<\/div>\n\t\t\t\t\t\t<\/div>\n\t\t\t\t<\/div>\n\t\t\t\t\t<\/div>\n\t\t<\/div>\n\t\t\t\t<div class=\"elementor-column elementor-col-50 elementor-top-column elementor-element elementor-element-13beb2f\" data-id=\"13beb2f\" data-element_type=\"column\">\n\t\t\t<div class=\"elementor-widget-wrap elementor-element-populated\">\n\t\t\t\t\t\t<div class=\"elementor-element elementor-element-47dccac elementor-widget__width-initial elementor-widget elementor-widget-text-editor\" data-id=\"47dccac\" data-element_type=\"widget\" data-widget_type=\"text-editor.default\">\n\t\t\t\t<div class=\"elementor-widget-container\">\n\t\t\t\t\t\t\t\t\t<p style=\"font-weight: 400;\">V\u00e5rt sortiment best\u00e5r huvudsakligen av olika typer av <strong>fryst<\/strong> k\u00f6tt.<\/p>\n<p style=\"font-weight: 400;\">F\u00f6rutom partif\u00f6rs\u00e4ljningen av k\u00f6ttprodukter erbjuder vi ocks\u00e5 en utm\u00e4rkt transport- och logistiktj\u00e4nst f\u00f6r produkter med <strong>speciella temperaturkrav (\u201318 \u00b0C\u2026\u201320 \u00b0C)<\/strong><\/p>\n<p style=\"font-weight: 400;\">Om du beh\u00f6ver ytterligare information eller en offert, tveka inte att fr\u00e5ga. Se: Kontakt.<\/p>\n\t\t\t\t\t\t\t\t<\/div>\n\t\t\t\t<\/div>\n\t\t\t\t\t<\/div>\n\t\t<\/div>\n\t\t\t\t\t<\/div>\n\t\t<\/section>\n\t\t\t\t<\/div>\n\t\t","protected":false},"excerpt":{"rendered":"<p>V\u00e5rt sortiment best\u00e5r huvudsakligen av olika typer av fryst k\u00f6tt. F\u00f6rutom partif\u00f6rs\u00e4ljningen av k\u00f6ttprodukter erbjuder vi ocks\u00e5 en utm\u00e4rkt transport- och logistiktj\u00e4nst f\u00f6r produkter med speciella temperaturkrav (\u201318 \u00b0C\u2026\u201320 \u00b0C) Om du beh\u00f6ver ytterligare information eller en offert, tveka inte att fr\u00e5ga. Se: Kontakt.<\/p>\n","protected":false},"author":1,"featured_media":0,"parent":0,"menu_order":0,"comment_status":"closed","ping_status":"closed","template":"","meta":{"footnotes":""},"class_list":["post-942","page","type-page","status-publish","hentry"],"yoast_head":"<!-- This site is optimized with the Yoast SEO plugin v25.4 - https:\/\/yoast.com\/wordpress\/plugins\/seo\/ -->\n<title>PRODUKTER - Franklin<\/title>\n<meta name=\"robots\" content=\"index, follow, max-snippet:-1, max-image-preview:large, max-video-preview:-1\" \/>\n<link rel=\"canonical\" href=\"https:\/\/donerkebab.ee\/products\/\" \/>\n<meta property=\"og:locale\" content=\"sv_SE\" \/>\n<meta property=\"og:type\" content=\"article\" \/>\n<meta property=\"og:title\" content=\"PRODUKTER - Franklin\" \/>\n<meta property=\"og:description\" content=\"V\u00e5rt sortiment best\u00e5r huvudsakligen av olika typer av fryst k\u00f6tt. F\u00f6rutom partif\u00f6rs\u00e4ljningen av k\u00f6ttprodukter erbjuder vi ocks\u00e5 en utm\u00e4rkt transport- och logistiktj\u00e4nst f\u00f6r produkter med speciella temperaturkrav (\u201318 \u00b0C\u2026\u201320 \u00b0C) Om du beh\u00f6ver ytterligare information eller en offert, tveka inte att fr\u00e5ga. Se: Kontakt.\" \/>\n<meta property=\"og:url\" content=\"https:\/\/donerkebab.ee\/products\/\" \/>\n<meta property=\"og:site_name\" content=\"Franklin\" \/>\n<meta property=\"article:modified_time\" content=\"2023-10-09T18:01:05+00:00\" \/>\n<meta name=\"twitter:card\" content=\"summary_large_image\" \/>\n<script type=\"application\/ld+json\" class=\"yoast-schema-graph\">{\"@context\":\"https:\/\/schema.org\",\"@graph\":[{\"@type\":\"WebPage\",\"@id\":\"https:\/\/donerkebab.ee\/products\/\",\"url\":\"https:\/\/donerkebab.ee\/products\/\",\"name\":\"PRODUKTER - Franklin\",\"isPartOf\":{\"@id\":\"https:\/\/donerkebab.ee\/#website\"},\"datePublished\":\"2023-08-01T19:52:33+00:00\",\"dateModified\":\"2023-10-09T18:01:05+00:00\",\"breadcrumb\":{\"@id\":\"https:\/\/donerkebab.ee\/products\/#breadcrumb\"},\"inLanguage\":\"sv-SE\",\"potentialAction\":[{\"@type\":\"ReadAction\",\"target\":[\"https:\/\/donerkebab.ee\/products\/\"]}]},{\"@type\":\"BreadcrumbList\",\"@id\":\"https:\/\/donerkebab.ee\/products\/#breadcrumb\",\"itemListElement\":[{\"@type\":\"ListItem\",\"position\":1,\"name\":\"Home\",\"item\":\"https:\/\/donerkebab.ee\/\"},{\"@type\":\"ListItem\",\"position\":2,\"name\":\"PRODUKTER\"}]},{\"@type\":\"WebSite\",\"@id\":\"https:\/\/donerkebab.ee\/#website\",\"url\":\"https:\/\/donerkebab.ee\/\",\"name\":\"Franklin\",\"description\":\"\",\"potentialAction\":[{\"@type\":\"SearchAction\",\"target\":{\"@type\":\"EntryPoint\",\"urlTemplate\":\"https:\/\/donerkebab.ee\/?s={search_term_string}\"},\"query-input\":{\"@type\":\"PropertyValueSpecification\",\"valueRequired\":true,\"valueName\":\"search_term_string\"}}],\"inLanguage\":\"sv-SE\"}]}<\/script>\n<!-- \/ Yoast SEO plugin. -->","yoast_head_json":{"title":"PRODUKTER - Franklin","robots":{"index":"index","follow":"follow","max-snippet":"max-snippet:-1","max-image-preview":"max-image-preview:large","max-video-preview":"max-video-preview:-1"},"canonical":"https:\/\/donerkebab.ee\/products\/","og_locale":"sv_SE","og_type":"article","og_title":"PRODUKTER - Franklin","og_description":"V\u00e5rt sortiment best\u00e5r huvudsakligen av olika typer av fryst k\u00f6tt. F\u00f6rutom partif\u00f6rs\u00e4ljningen av k\u00f6ttprodukter erbjuder vi ocks\u00e5 en utm\u00e4rkt transport- och logistiktj\u00e4nst f\u00f6r produkter med speciella temperaturkrav (\u201318 \u00b0C\u2026\u201320 \u00b0C) Om du beh\u00f6ver ytterligare information eller en offert, tveka inte att fr\u00e5ga. Se: Kontakt.","og_url":"https:\/\/donerkebab.ee\/products\/","og_site_name":"Franklin","article_modified_time":"2023-10-09T18:01:05+00:00","twitter_card":"summary_large_image","schema":{"@context":"https:\/\/schema.org","@graph":[{"@type":"WebPage","@id":"https:\/\/donerkebab.ee\/products\/","url":"https:\/\/donerkebab.ee\/products\/","name":"PRODUKTER - Franklin","isPartOf":{"@id":"https:\/\/donerkebab.ee\/#website"},"datePublished":"2023-08-01T19:52:33+00:00","dateModified":"2023-10-09T18:01:05+00:00","breadcrumb":{"@id":"https:\/\/donerkebab.ee\/products\/#breadcrumb"},"inLanguage":"sv-SE","potentialAction":[{"@type":"ReadAction","target":["https:\/\/donerkebab.ee\/products\/"]}]},{"@type":"BreadcrumbList","@id":"https:\/\/donerkebab.ee\/products\/#breadcrumb","itemListElement":[{"@type":"ListItem","position":1,"name":"Home","item":"https:\/\/donerkebab.ee\/"},{"@type":"ListItem","position":2,"name":"PRODUKTER"}]},{"@type":"WebSite","@id":"https:\/\/donerkebab.ee\/#website","url":"https:\/\/donerkebab.ee\/","name":"Franklin","description":"","potentialAction":[{"@type":"SearchAction","target":{"@type":"EntryPoint","urlTemplate":"https:\/\/donerkebab.ee\/?s={search_term_string}"},"query-input":{"@type":"PropertyValueSpecification","valueRequired":true,"valueName":"search_term_string"}}],"inLanguage":"sv-SE"}]}},"_links":{"self":[{"href":"https:\/\/donerkebab.ee\/sv\/wp-json\/wp\/v2\/pages\/942","targetHints":{"allow":["GET"]}}],"collection":[{"href":"https:\/\/donerkebab.ee\/sv\/wp-json\/wp\/v2\/pages"}],"about":[{"href":"https:\/\/donerkebab.ee\/sv\/wp-json\/wp\/v2\/types\/page"}],"author":[{"embeddable":true,"href":"https:\/\/donerkebab.ee\/sv\/wp-json\/wp\/v2\/users\/1"}],"replies":[{"embeddable":true,"href":"https:\/\/donerkebab.ee\/sv\/wp-json\/wp\/v2\/comments?post=942"}],"version-history":[{"count":1,"href":"https:\/\/donerkebab.ee\/sv\/wp-json\/wp\/v2\/pages\/942\/revisions"}],"predecessor-version":[{"id":943,"href":"https:\/\/donerkebab.ee\/sv\/wp-json\/wp\/v2\/pages\/942\/revisions\/943"}],"wp:attachment":[{"href":"https:\/\/donerkebab.ee\/sv\/wp-json\/wp\/v2\/media?parent=942"}],"curies":[{"name":"wp","href":"https:\/\/api.w.org\/{rel}","templated":true}]}}